{"id":418,"date":"2024-01-17T15:53:28","date_gmt":"2024-01-17T13:53:28","guid":{"rendered":"https:\/\/www.maas-project.eu\/metoder-och-e-vagledning-for-arbetsformedlare-inom-turism\/"},"modified":"2025-11-24T13:52:32","modified_gmt":"2025-11-24T11:52:32","slug":"metoder-och-e-vagledning-for-arbetsformedlare-inom-turism","status":"publish","type":"page","link":"https:\/\/www.maas-project.eu\/sv\/metoder-och-e-vagledning-for-arbetsformedlare-inom-turism\/","title":{"rendered":"Metoder och e-V\u00e4gledning f\u00f6r Arbetsf\u00f6rmedlare Inom Turism"},"content":{"rendered":"[vc_row type=&#8221;in_container&#8221; full_screen_row_position=&#8221;middle&#8221; column_margin=&#8221;default&#8221; column_direction=&#8221;default&#8221; column_direction_tablet=&#8221;default&#8221; column_direction_phone=&#8221;default&#8221; scene_position=&#8221;center&#8221; top_padding=&#8221;50px&#8221; text_color=&#8221;dark&#8221; text_align=&#8221;left&#8221; row_border_radius=&#8221;none&#8221; row_border_radius_applies=&#8221;bg&#8221; overflow=&#8221;visible&#8221; overlay_strength=&#8221;0.3&#8243; gradient_direction=&#8221;left_to_right&#8221; shape_divider_position=&#8221;bottom&#8221; bg_image_animation=&#8221;none&#8221; gradient_type=&#8221;default&#8221; shape_type=&#8221;&#8221;][vc_column column_padding=&#8221;no-extra-padding&#8221; column_padding_tablet=&#8221;inherit&#8221; column_padding_phone=&#8221;inherit&#8221; column_padding_position=&#8221;all&#8221; column_element_direction_desktop=&#8221;default&#8221; column_element_spacing=&#8221;default&#8221; desktop_text_alignment=&#8221;default&#8221; tablet_text_alignment=&#8221;default&#8221; phone_text_alignment=&#8221;default&#8221; background_color_opacity=&#8221;1&#8243; background_hover_color_opacity=&#8221;1&#8243; column_backdrop_filter=&#8221;none&#8221; column_shadow=&#8221;none&#8221; column_border_radius=&#8221;none&#8221; column_link_target=&#8221;_self&#8221; column_position=&#8221;default&#8221; gradient_direction=&#8221;left_to_right&#8221; overlay_strength=&#8221;0.3&#8243; width=&#8221;1\/1&#8243; tablet_width_inherit=&#8221;default&#8221; animation_type=&#8221;default&#8221; bg_image_animation=&#8221;none&#8221; border_type=&#8221;simple&#8221; column_border_width=&#8221;none&#8221; column_border_style=&#8221;solid&#8221;][vc_column_text css=&#8221;&#8221; text_direction=&#8221;default&#8221;]Arbetspaket 3 samlar den kunskap, de insikter och de praktiska resurser som v\u00e5ra partner har utvecklat under hela MAAS-projektet och omvandlar dem till en l\u00e4ttillg\u00e4nglig e-guide f\u00f6r Job Brokers och arbetsv\u00e4gledare. I st\u00e4llet f\u00f6r tekniskt spr\u00e5k eller abstrakta \u201dnya metoder\u201d \u00e4r v\u00e5rt m\u00e5l enkelt: att ge praktiker tydligt, expertbaserat material som de kan anv\u00e4nda i sitt dagliga arbete. <\/p>\n<p>Through our Community of Practice and collaboration with specialists, we explored three areas that lie at the heart of the MAAS project:<\/p>\n<ul>\n<li> Det f\u00f6r\u00e4nderliga arbetslandskapet inom den europeiska turismsektorn<br \/>\nTurismen h\u00e5ller p\u00e5 att \u00e5terh\u00e4mta sig och omformas samtidigt, vilket skapar nya m\u00f6jligheter och synligg\u00f6r stora brister i viktiga kompetenser. V\u00e5r e-guide erbjuder visuellt material, exempel och insikter som hj\u00e4lper Job Brokers att f\u00f6rst\u00e5 sektorn \u2014 \u00e4ven om den \u00e4r ny f\u00f6r dem. <\/li>\n<li> Verkligheten och behoven hos flyktingar, s\u00e4rskilt de som har tvingats l\u00e4mna Ukraina<br \/>\nHundratusentals ukrainare \u2013 fr\u00e4mst kvinnor och m\u00f6drar \u2013 har s\u00f6kt trygghet runtom i Europa. M\u00e5nga verksamheter vet lite om deras bakgrund, utbildningssystemen de kommer ifr\u00e5n eller de vardagliga utmaningar som dessa grupper m\u00f6ter. e-guiden hj\u00e4lper till att \u00f6verbrygga denna kunskapslucka genom att erbjuda l\u00e4ttillg\u00e4nglig information b\u00e5de f\u00f6r Job Brokers och arbetsgivare.  <\/li>\n<li> Att f\u00f6rverkliga MAAS-modellen: Match, Attach and Sustain<br \/>\nVi f\u00f6rklarar hur Job Brokers inte bara kan matcha flyktingar och andra s\u00e5rbara arbetss\u00f6kande med m\u00f6jligheter, utan ocks\u00e5 knyta dem till arbetsgivare genom aktivt st\u00f6d och \u2013 viktigast av allt \u2013 s\u00e4kerst\u00e4lla att dessa placeringar blir l\u00e5ngsiktiga genom kvalitativ efterv\u00e5rd och uppf\u00f6ljning.<\/li>\n<\/ul>\n<p>I takt med att digitaliseringen forts\u00e4tter att f\u00f6r\u00e4ndra v\u00e4gledning och st\u00f6d inom arbetsmarknadsomr\u00e5det erbjuder WP3 den m\u00e4nskliga ramen bakom denna utveckling. Medan WP4 tillhandah\u00e5ller eTracking-verktyget, fokuserar WP3 p\u00e5 den f\u00f6rst\u00e5else och de resurser som g\u00f6r att Job Brokers kan anv\u00e4nda nya verktyg och arbetss\u00e4tt med trygghet och effektivitet. <\/p>\n<p>V\u00e5rt m\u00e5l \u00e4r att ge praktikerna praktiskt och engagerande inneh\u00e5ll som hj\u00e4lper dem att hantera kompetensbrist, st\u00f6dja s\u00e5rbara grupper och ta tillvara p\u00e5 nya m\u00f6jligheter p\u00e5 den europeiska arbetsmarknaden inom turismsektorn.<\/p>\n<p>V\u00e5r e-guide samlar alla dessa insikter i ett praktiskt, anv\u00e4ndarv\u00e4nligt digitalt format.<\/p>\n<p><strong>Uppt\u00e4ck hela MAAS-ansatsen, utforska tematiska moduler och f\u00e5 tillg\u00e5ng till resurser som \u00e4r utformade f\u00f6r att st\u00f6dja ditt dagliga arbete som Job Broker.<\/strong><br \/>\n<em>Anv\u00e4nd v\u00e5r e-guide h\u00e4r \u2192<a href=\"https:\/\/www.maas-project.eu\/sv\/e-guide\/\">https:\/\/www.maas-project.eu\/e-guide\/ <\/a> <\/em>[\/vc_column_text][\/vc_column][\/vc_row]\n","protected":false},"excerpt":{"rendered":"<p>[vc_row type=&#8221;in_container&#8221; full_screen_row_position=&#8221;middle&#8221; column_margin=&#8221;default&#8221; column_direction=&#8221;default&#8221; column_direction_tablet=&#8221;default&#8221; column_direction_phone=&#8221;default&#8221; scene_position=&#8221;center&#8221; top_padding=&#8221;50px&#8221; text_color=&#8221;dark&#8221; text_align=&#8221;left&#8221; row_border_radius=&#8221;none&#8221; row_border_radius_applies=&#8221;bg&#8221; overflow=&#8221;visible&#8221; overlay_strength=&#8221;0.3&#8243; gradient_direction=&#8221;left_to_right&#8221; shape_divider_position=&#8221;bottom&#8221; bg_image_animation=&#8221;none&#8221; gradient_type=&#8221;default&#8221; shape_type=&#8221;&#8221;][vc_column column_padding=&#8221;no-extra-padding&#8221; column_padding_tablet=&#8221;inherit&#8221; column_padding_phone=&#8221;inherit&#8221; column_padding_position=&#8221;all&#8221; column_element_direction_desktop=&#8221;default&#8221; column_element_spacing=&#8221;default&#8221; desktop_text_alignment=&#8221;default&#8221; tablet_text_alignment=&#8221;default&#8221; phone_text_alignment=&#8221;default&#8221; background_color_opacity=&#8221;1&#8243;&#8230;<\/p>\n","protected":false},"author":1,"featured_media":0,"parent":0,"menu_order":0,"comment_status":"closed","ping_status":"closed","template":"","meta":{"footnotes":""},"class_list":["post-418","page","type-page","status-publish"],"_links":{"self":[{"href":"https:\/\/www.maas-project.eu\/sv\/wp-json\/wp\/v2\/pages\/418","targetHints":{"allow":["GET"]}}],"collection":[{"href":"https:\/\/www.maas-project.eu\/sv\/wp-json\/wp\/v2\/pages"}],"about":[{"href":"https:\/\/www.maas-project.eu\/sv\/wp-json\/wp\/v2\/types\/page"}],"author":[{"embeddable":true,"href":"https:\/\/www.maas-project.eu\/sv\/wp-json\/wp\/v2\/users\/1"}],"replies":[{"embeddable":true,"href":"https:\/\/www.maas-project.eu\/sv\/wp-json\/wp\/v2\/comments?post=418"}],"version-history":[{"count":6,"href":"https:\/\/www.maas-project.eu\/sv\/wp-json\/wp\/v2\/pages\/418\/revisions"}],"predecessor-version":[{"id":2016,"href":"https:\/\/www.maas-project.eu\/sv\/wp-json\/wp\/v2\/pages\/418\/revisions\/2016"}],"wp:attachment":[{"href":"https:\/\/www.maas-project.eu\/sv\/wp-json\/wp\/v2\/media?parent=418"}],"curies":[{"name":"wp","href":"https:\/\/api.w.org\/{rel}","templated":true}]}}