{"id":406,"date":"2023-12-15T14:51:03","date_gmt":"2023-12-15T12:51:03","guid":{"rendered":"https:\/\/www.maas-project.eu\/om-projektet\/"},"modified":"2024-03-26T14:27:58","modified_gmt":"2024-03-26T12:27:58","slug":"om-projektet","status":"publish","type":"page","link":"https:\/\/www.maas-project.eu\/sv\/om-projektet\/","title":{"rendered":"Om projektet"},"content":{"rendered":"[vc_row type=&#8221;in_container&#8221; full_screen_row_position=&#8221;middle&#8221; column_margin=&#8221;default&#8221; column_direction=&#8221;default&#8221; column_direction_tablet=&#8221;default&#8221; column_direction_phone=&#8221;default&#8221; scene_position=&#8221;center&#8221; top_padding=&#8221;50px&#8221; text_color=&#8221;dark&#8221; text_align=&#8221;left&#8221; row_border_radius=&#8221;none&#8221; row_border_radius_applies=&#8221;bg&#8221; overflow=&#8221;visible&#8221; overlay_strength=&#8221;0.3&#8243; gradient_direction=&#8221;left_to_right&#8221; shape_divider_position=&#8221;bottom&#8221; bg_image_animation=&#8221;none&#8221; gradient_type=&#8221;default&#8221; shape_type=&#8221;&#8221;][vc_column column_padding=&#8221;no-extra-padding&#8221; column_padding_tablet=&#8221;inherit&#8221; column_padding_phone=&#8221;inherit&#8221; column_padding_position=&#8221;all&#8221; column_element_direction_desktop=&#8221;default&#8221; column_element_spacing=&#8221;default&#8221; desktop_text_alignment=&#8221;default&#8221; tablet_text_alignment=&#8221;default&#8221; phone_text_alignment=&#8221;default&#8221; background_color_opacity=&#8221;1&#8243; background_hover_color_opacity=&#8221;1&#8243; column_backdrop_filter=&#8221;none&#8221; column_shadow=&#8221;none&#8221; column_border_radius=&#8221;none&#8221; column_link_target=&#8221;_self&#8221; column_position=&#8221;default&#8221; gradient_direction=&#8221;left_to_right&#8221; overlay_strength=&#8221;0.3&#8243; width=&#8221;1\/1&#8243; tablet_width_inherit=&#8221;default&#8221; animation_type=&#8221;default&#8221; bg_image_animation=&#8221;none&#8221; border_type=&#8221;simple&#8221; column_border_width=&#8221;none&#8221; column_border_style=&#8221;solid&#8221;][vc_column_text text_direction=&#8221;default&#8221;]MAAS (Match, Attach and Sustain) utvecklar nya <strong>metoder och h\u00f6jer kompetensen hos Europas arbetsf\u00f6rmedlare.<\/strong> Detta g\u00f6rs f\u00f6r att f\u00f6rb\u00e4ttra och skr\u00e4ddarsy deras information, r\u00e5dgivning och v\u00e4gledningstj\u00e4nster, med en akut betoning p\u00e5 att b\u00e4ttre kunna st\u00f6dja ukrainska flyktingar och andra arbetss\u00f6kande i omedelbart behov. MAAS g\u00f6r det ocks\u00e5 med ett sektoriellt fokus f\u00f6r att svara p\u00e5 de anst\u00e4llnings- och karri\u00e4rm\u00f6jligheter som blir alltmer tillg\u00e4ngliga i Europas Turistsektor, n\u00e4r den v\u00e4xer fram ur Covid-19-Pandemin.<\/p>\n<p>MAAS-partner <strong>kommer att utforma<\/strong> och <strong>till\u00e4mpa<\/strong> <strong>nya r\u00e5dgivningsmetoder och<\/strong> <strong>digitalt f\u00f6rb\u00e4ttrade tekniker och tillv\u00e4gag\u00e5ngss\u00e4tt<\/strong> f\u00f6r dem som arbetar med utformning, f\u00f6rvaltning och genomf\u00f6rande av arbetsf\u00f6rmedlingstj\u00e4nster (information, r\u00e5dgivning, v\u00e4gledning f\u00f6r att uppn\u00e5 jobbmatchning och varaktig syssels\u00e4ttning) f\u00f6r arbetss\u00f6kande inom Turism. Det utvecklar en ny transnationell praktikgemenskap, som informeras &#8221;nedifr\u00e5n och upp&#8221; av aktionsinl\u00e4rningsgrupper som i sin tur drar nytta &#8221;uppifr\u00e5n och ned&#8221; av nya metoder och verktyg.<\/p>\n<p>MAAS genererar nya, immateriella och konkreta resultat. st\u00f6dja motst\u00e5ndskraft, integration och ekonomiskt oberoende f\u00f6r ukrainska flyktingar som f\u00f6rdrivits av kriget, ta itu med kompetensbrister inom Turism. Det skapar ett nytt Samarbetspartnerskap f\u00f6r att st\u00f6dja Ukraina; en n\u00e4tverksbaserad, samproducerande online-grupp av arbetsf\u00f6rmedlare som omedelbart delar kunskap, metoder och tekniker; och konkreta nya &#8221;Match, Attach &amp; Sustain&#8221; -Metoder, ett digitalt, flerspr\u00e5kigt eTracking-verktyg och en V\u00e4gledningsverktygsl\u00e5da.[\/vc_column_text][divider line_type=&#8221;Full Width Line&#8221; line_thickness=&#8221;1&#8243; divider_color=&#8221;extra-color-1&#8243;][vc_column_text text_direction=&#8221;default&#8221;]<strong>M\u00e5ls\u00e4ttningar:<\/strong><\/p>\n<p>Det \u00f6vergripande syftet med MAAS-projektet (Match, Attach, and Sustain) \u00e4r att utveckla och genomf\u00f6ra ett arbetsf\u00f6rmedlingssystem genom att h\u00f6ja kompetensen och utveckla de arbetsf\u00f6rmedlare som arbetar inom det, vilket kommer att hj\u00e4lpa flyktingar och arbetss\u00f6kande, s\u00e4rskilt de som f\u00f6rdrivits av kriget i Ukraina, att hitta l\u00e4mpliga anst\u00e4llningsm\u00f6jligheter, inriktade p\u00e5 turistsektorn.<\/p>\n<p>Dess specifika m\u00e5l \u00e4r att:<\/p>\n<ul>\n<li>Identifiera behov och f\u00f6rv\u00e4ntningar hos Arbetsf\u00f6rmedlare med avseende p\u00e5 utvecklingen av nya och blandade, digitalt aktiverade Arbetsr\u00e5dgivningsmetoder<\/li>\n<li>Bygga upp och utveckla en transnationell praktikgemenskap, som ett utbildnings- och utvecklingsforum, f\u00f6r europeiska arbetsf\u00f6rmedlare f\u00f6r att gemensamt skapa och producera MAAS-metoderna (Match, Attach and Sustain)<\/li>\n<li>Utforma, producera och publicera nya digitala resurser, inklusive en eGuidance Toolkit f\u00f6r jobbm\u00e4klare och ett nytt eTracking Tool och Portfolio Builder-program<\/li>\n<li>Validera metodernas effektivitet och sprida dem brett bland intressenter inom utbildning, turism och vidarebos\u00e4ttning av flyktingar<\/li>\n<li>Inr\u00e4tta ett nytt samarbetspartnerskap f\u00f6r att f\u00f6rverkliga och utnyttja projektresultaten och skapa en ny, h\u00e5llbar kapacitet f\u00f6r att st\u00f6dja Ukrainas motst\u00e5ndskraft och \u00e5teruppbyggnad.<\/li>\n<\/ul>\n[\/vc_column_text][\/vc_column][\/vc_row]\n","protected":false},"excerpt":{"rendered":"<p>[vc_row type=&#8221;in_container&#8221; full_screen_row_position=&#8221;middle&#8221; column_margin=&#8221;default&#8221; column_direction=&#8221;default&#8221; column_direction_tablet=&#8221;default&#8221; column_direction_phone=&#8221;default&#8221; scene_position=&#8221;center&#8221; top_padding=&#8221;50px&#8221; text_color=&#8221;dark&#8221; text_align=&#8221;left&#8221; row_border_radius=&#8221;none&#8221; row_border_radius_applies=&#8221;bg&#8221; overflow=&#8221;visible&#8221; overlay_strength=&#8221;0.3&#8243; gradient_direction=&#8221;left_to_right&#8221; shape_divider_position=&#8221;bottom&#8221; bg_image_animation=&#8221;none&#8221; gradient_type=&#8221;default&#8221; shape_type=&#8221;&#8221;][vc_column column_padding=&#8221;no-extra-padding&#8221; column_padding_tablet=&#8221;inherit&#8221; column_padding_phone=&#8221;inherit&#8221; column_padding_position=&#8221;all&#8221; column_element_direction_desktop=&#8221;default&#8221; column_element_spacing=&#8221;default&#8221; desktop_text_alignment=&#8221;default&#8221; tablet_text_alignment=&#8221;default&#8221; phone_text_alignment=&#8221;default&#8221; background_color_opacity=&#8221;1&#8243;&#8230;<\/p>\n","protected":false},"author":1,"featured_media":0,"parent":0,"menu_order":0,"comment_status":"closed","ping_status":"closed","template":"","meta":{"footnotes":""},"class_list":["post-406","page","type-page","status-publish"],"_links":{"self":[{"href":"https:\/\/www.maas-project.eu\/sv\/wp-json\/wp\/v2\/pages\/406","targetHints":{"allow":["GET"]}}],"collection":[{"href":"https:\/\/www.maas-project.eu\/sv\/wp-json\/wp\/v2\/pages"}],"about":[{"href":"https:\/\/www.maas-project.eu\/sv\/wp-json\/wp\/v2\/types\/page"}],"author":[{"embeddable":true,"href":"https:\/\/www.maas-project.eu\/sv\/wp-json\/wp\/v2\/users\/1"}],"replies":[{"embeddable":true,"href":"https:\/\/www.maas-project.eu\/sv\/wp-json\/wp\/v2\/comments?post=406"}],"version-history":[{"count":5,"href":"https:\/\/www.maas-project.eu\/sv\/wp-json\/wp\/v2\/pages\/406\/revisions"}],"predecessor-version":[{"id":411,"href":"https:\/\/www.maas-project.eu\/sv\/wp-json\/wp\/v2\/pages\/406\/revisions\/411"}],"wp:attachment":[{"href":"https:\/\/www.maas-project.eu\/sv\/wp-json\/wp\/v2\/media?parent=406"}],"curies":[{"name":"wp","href":"https:\/\/api.w.org\/{rel}","templated":true}]}}