{"id":2141,"date":"2025-08-20T16:00:10","date_gmt":"2025-08-20T13:00:10","guid":{"rendered":"https:\/\/www.maas-project.eu\/maas-resursplattform\/"},"modified":"2026-03-30T16:04:21","modified_gmt":"2026-03-30T13:04:21","slug":"maas-resursplattform","status":"publish","type":"page","link":"https:\/\/www.maas-project.eu\/sv\/maas-resursplattform\/","title":{"rendered":"MAAS resursplattform"},"content":{"rendered":"[vc_row type=&#8221;in_container&#8221; full_screen_row_position=&#8221;middle&#8221; column_margin=&#8221;default&#8221; column_direction=&#8221;default&#8221; column_direction_tablet=&#8221;default&#8221; column_direction_phone=&#8221;default&#8221; scene_position=&#8221;center&#8221; text_color=&#8221;dark&#8221; text_align=&#8221;left&#8221; row_border_radius=&#8221;none&#8221; row_border_radius_applies=&#8221;bg&#8221; row_position_desktop=&#8221;default&#8221; row_position_tablet=&#8221;inherit&#8221; row_position_phone=&#8221;inherit&#8221; overflow=&#8221;visible&#8221; overlay_strength=&#8221;0.3&#8243; gradient_direction=&#8221;left_to_right&#8221; shape_divider_position=&#8221;bottom&#8221; bg_image_animation=&#8221;none&#8221;][vc_column column_padding=&#8221;no-extra-padding&#8221; column_padding_tablet=&#8221;inherit&#8221; column_padding_phone=&#8221;inherit&#8221; column_padding_position=&#8221;all&#8221; flex_gap_desktop=&#8221;10px&#8221; column_element_direction_desktop=&#8221;default&#8221; column_element_spacing=&#8221;default&#8221; desktop_text_alignment=&#8221;default&#8221; tablet_text_alignment=&#8221;default&#8221; phone_text_alignment=&#8221;default&#8221; background_color_opacity=&#8221;1&#8243; background_hover_color_opacity=&#8221;1&#8243; column_backdrop_filter=&#8221;none&#8221; column_shadow=&#8221;none&#8221; column_border_radius=&#8221;none&#8221; column_link_target=&#8221;_self&#8221; column_position=&#8221;default&#8221; gradient_direction=&#8221;left_to_right&#8221; overlay_strength=&#8221;0.3&#8243; width=&#8221;1\/1&#8243; tablet_width_inherit=&#8221;default&#8221; animation_type=&#8221;default&#8221; bg_image_animation=&#8221;none&#8221; border_type=&#8221;simple&#8221; column_border_width=&#8221;none&#8221; column_border_style=&#8221;solid&#8221;][vc_column_text css=&#8221;&#8221; text_direction=&#8221;default&#8221;]Den interaktiva MAAS-kartan \u00e4r ett nav med snabb \u00e5tkomst som samlar centrala resurser p\u00e5 nationell niv\u00e5, identifierade av alla projektpartners. Varje markering p\u00e5 kartan lyfter fram relevanta organisationer, tj\u00e4nster och st\u00f6dstrukturer som bidrar till att st\u00e4rka flyktingars anst\u00e4llningsbarhet och deras integration p\u00e5 arbetsmarknaden, med s\u00e4rskilt fokus p\u00e5 turismsektorn.<br \/>\nKartan \u00e4r kopplad till e-guiden och MAAS-metoden \u201dMatch\u2013Attach\u2013Sustain\u201d och hj\u00e4lper arbetsf\u00f6rmedlare, jobbcoacher och andra intressenter att snabbt f\u00f6rst\u00e5 nationella sammanhang, hitta tillf\u00f6rlitliga referenspunkter och utforska praktiska st\u00f6dv\u00e4gar. Den underl\u00e4ttar matchning av flyktingar till arbetstillf\u00e4llen, st\u00f6djer integration p\u00e5 arbetsplatsen och fr\u00e4mjar l\u00e5ngsiktig och h\u00e5llbar syssels\u00e4ttning i hela Europa.[\/vc_column_text][vc_column_text css=&#8221;&#8221; text_direction=&#8221;default&#8221;]<div id=\"mapsvg-6\" data-id=\"6\" class=\"mapsvg\" data-autoload=\"true\" data-load-db=\"true\" data-loading-text=\"Loading map...\" style=\"width: 100%; height: 0; padding-bottom: 65.9%\"><\/div>[\/vc_column_text][\/vc_column][\/vc_row]\n","protected":false},"excerpt":{"rendered":"<p>[vc_row type=&#8221;in_container&#8221; full_screen_row_position=&#8221;middle&#8221; column_margin=&#8221;default&#8221; column_direction=&#8221;default&#8221; column_direction_tablet=&#8221;default&#8221; column_direction_phone=&#8221;default&#8221; scene_position=&#8221;center&#8221; text_color=&#8221;dark&#8221; text_align=&#8221;left&#8221; row_border_radius=&#8221;none&#8221; row_border_radius_applies=&#8221;bg&#8221; row_position_desktop=&#8221;default&#8221; row_position_tablet=&#8221;inherit&#8221; row_position_phone=&#8221;inherit&#8221; overflow=&#8221;visible&#8221; overlay_strength=&#8221;0.3&#8243; gradient_direction=&#8221;left_to_right&#8221; shape_divider_position=&#8221;bottom&#8221; bg_image_animation=&#8221;none&#8221;][vc_column column_padding=&#8221;no-extra-padding&#8221; column_padding_tablet=&#8221;inherit&#8221; column_padding_phone=&#8221;inherit&#8221; column_padding_position=&#8221;all&#8221; flex_gap_desktop=&#8221;10px&#8221; column_element_direction_desktop=&#8221;default&#8221; column_element_spacing=&#8221;default&#8221; desktop_text_alignment=&#8221;default&#8221; tablet_text_alignment=&#8221;default&#8221; phone_text_alignment=&#8221;default&#8221;&#8230;<\/p>\n","protected":false},"author":1,"featured_media":0,"parent":0,"menu_order":0,"comment_status":"closed","ping_status":"closed","template":"","meta":{"footnotes":""},"class_list":["post-2141","page","type-page","status-publish"],"_links":{"self":[{"href":"https:\/\/www.maas-project.eu\/sv\/wp-json\/wp\/v2\/pages\/2141","targetHints":{"allow":["GET"]}}],"collection":[{"href":"https:\/\/www.maas-project.eu\/sv\/wp-json\/wp\/v2\/pages"}],"about":[{"href":"https:\/\/www.maas-project.eu\/sv\/wp-json\/wp\/v2\/types\/page"}],"author":[{"embeddable":true,"href":"https:\/\/www.maas-project.eu\/sv\/wp-json\/wp\/v2\/users\/1"}],"replies":[{"embeddable":true,"href":"https:\/\/www.maas-project.eu\/sv\/wp-json\/wp\/v2\/comments?post=2141"}],"version-history":[{"count":3,"href":"https:\/\/www.maas-project.eu\/sv\/wp-json\/wp\/v2\/pages\/2141\/revisions"}],"predecessor-version":[{"id":2414,"href":"https:\/\/www.maas-project.eu\/sv\/wp-json\/wp\/v2\/pages\/2141\/revisions\/2414"}],"wp:attachment":[{"href":"https:\/\/www.maas-project.eu\/sv\/wp-json\/wp\/v2\/media?parent=2141"}],"curies":[{"name":"wp","href":"https:\/\/api.w.org\/{rel}","templated":true}]}}