{"id":526,"date":"2024-01-17T15:53:28","date_gmt":"2024-01-17T13:53:28","guid":{"rendered":"https:\/\/www.maas-project.eu\/metody-i-e-przewodniki-dla-posrednikow-pracy-w-branzy-turystycznej\/"},"modified":"2025-11-24T13:51:45","modified_gmt":"2025-11-24T11:51:45","slug":"metody-i-e-przewodniki-dla-posrednikow-pracy-w-branzy-turystycznej","status":"publish","type":"page","link":"https:\/\/www.maas-project.eu\/pl\/metody-i-e-przewodniki-dla-posrednikow-pracy-w-branzy-turystycznej\/","title":{"rendered":"Metody i e-przewodniki dla po\u015brednik\u00f3w pracy w bran\u017cy turystycznej"},"content":{"rendered":"[vc_row type=&#8221;in_container&#8221; full_screen_row_position=&#8221;middle&#8221; column_margin=&#8221;default&#8221; column_direction=&#8221;default&#8221; column_direction_tablet=&#8221;default&#8221; column_direction_phone=&#8221;default&#8221; scene_position=&#8221;center&#8221; top_padding=&#8221;50px&#8221; text_color=&#8221;dark&#8221; text_align=&#8221;left&#8221; row_border_radius=&#8221;none&#8221; row_border_radius_applies=&#8221;bg&#8221; overflow=&#8221;visible&#8221; overlay_strength=&#8221;0.3&#8243; gradient_direction=&#8221;left_to_right&#8221; shape_divider_position=&#8221;bottom&#8221; bg_image_animation=&#8221;none&#8221; gradient_type=&#8221;default&#8221; shape_type=&#8221;&#8221;][vc_column column_padding=&#8221;no-extra-padding&#8221; column_padding_tablet=&#8221;inherit&#8221; column_padding_phone=&#8221;inherit&#8221; column_padding_position=&#8221;all&#8221; column_element_direction_desktop=&#8221;default&#8221; column_element_spacing=&#8221;default&#8221; desktop_text_alignment=&#8221;default&#8221; tablet_text_alignment=&#8221;default&#8221; phone_text_alignment=&#8221;default&#8221; background_color_opacity=&#8221;1&#8243; background_hover_color_opacity=&#8221;1&#8243; column_backdrop_filter=&#8221;none&#8221; column_shadow=&#8221;none&#8221; column_border_radius=&#8221;none&#8221; column_link_target=&#8221;_self&#8221; column_position=&#8221;default&#8221; gradient_direction=&#8221;left_to_right&#8221; overlay_strength=&#8221;0.3&#8243; width=&#8221;1\/1&#8243; tablet_width_inherit=&#8221;default&#8221; animation_type=&#8221;default&#8221; bg_image_animation=&#8221;none&#8221; border_type=&#8221;simple&#8221; column_border_width=&#8221;none&#8221; column_border_style=&#8221;solid&#8221;][vc_column_text css=&#8221;&#8221; text_direction=&#8221;default&#8221;]Pakiet Roboczy 3 \u0142\u0105czy wiedz\u0119, spostrze\u017cenia i praktyczne zasoby, kt\u00f3re nasi partnerzy wypracowali w trakcie projektu MAAS, przekszta\u0142caj\u0105c je w przyst\u0119pny e-Poradnik (eGuide) dla Po\u015brednik\u00f3w Pracy (Job Brokers) i Doradc\u00f3w Zawodowych. Zamiast technicznego j\u0119zyka czy abstrakcyjnych \u201enowych metod\u201d, nasz cel jest prosty: dostarczy\u0107 praktykom jasne, oparte na wiedzy ekspert\u00f3w materia\u0142y, z kt\u00f3rych mog\u0105 korzysta\u0107 na co dzie\u0144. <\/p>\n<p>Dzi\u0119ki naszej Wsp\u00f3lnocie Praktyk\u00f3w (Community of Practice) oraz wsp\u00f3\u0142pracy ze specjalistami zbadali\u015bmy trzy obszary, kt\u00f3re znajduj\u0105 si\u0119 w samym sercu projektu MAAS:<\/p>\n<ul>\n<li> Zmieniaj\u0105cy si\u0119 krajobraz zatrudnienia w europejskim sektorze turystyki<br \/>\nTurystyka odbudowuje si\u0119 i jednocze\u015bnie przekszta\u0142ca, tworz\u0105c nowe mo\u017cliwo\u015bci oraz ujawniaj\u0105c powa\u017cne braki w kluczowych umiej\u0119tno\u015bciach. Nasz e-Poradnik oferuje materia\u0142y wizualne, przyk\u0142ady i praktyczne spostrze\u017cenia, kt\u00f3re pomagaj\u0105 Po\u015brednikom Pracy (Job Brokers) lepiej zrozumie\u0107 ten sektor \u2014 nawet je\u015bli jest dla nich nowy. <\/li>\n<li> Realia i potrzeby uchod\u017ac\u00f3w, zw\u0142aszcza os\u00f3b przesiedlonych z Ukrainy<br \/>\nSetki tysi\u0119cy Ukrai\u0144c\u00f3w \u2014 g\u0142\u00f3wnie kobiet i matek \u2014 szuka\u0142o schronienia w ca\u0142ej Europie. Wiele instytucji i s\u0142u\u017cb ma niewielk\u0105 wiedz\u0119 na temat ich do\u015bwiadcze\u0144, system\u00f3w edukacji, z kt\u00f3rych pochodz\u0105, czy codziennych wyzwa\u0144, z jakimi mierz\u0105 si\u0119 te spo\u0142eczno\u015bci. e-Poradnik pomaga wype\u0142ni\u0107 t\u0119 luk\u0119, dostarczaj\u0105c przyst\u0119pnych informacji zar\u00f3wno Po\u015brednikom Pracy (Job Brokers), jak i pracodawcom.  <\/li>\n<li> Wdra\u017canie modelu MAAS w praktyce: Match, Attach and Sustain<br \/>\nWyja\u015bniamy, w jaki spos\u00f3b Po\u015brednicy Pracy (Job Brokers) mog\u0105 nie tylko dopasowywa\u0107 uchod\u017ac\u00f3w oraz osoby szczeg\u00f3lnie wra\u017cliwe na rynku pracy do dost\u0119pnych mo\u017cliwo\u015bci, ale tak\u017ce \u201ewi\u0105za\u0107\u201d ich z pracodawcami poprzez aktywne wsparcie. Co najwa\u017cniejsze, pokazujemy te\u017c, jak utrzyma\u0107 te miejsca pracy dzi\u0119ki wysokiej jako\u015bci opiece po zatrudnieniu oraz systematycznej obserwacji i dalszemu wsparciu.<\/li>\n<\/ul>\n<p>W miar\u0119 jak cyfryzacja nadal przekszta\u0142ca poradnictwo zawodowe, WP3 dostarcza stoj\u0105cych za tym ram ludzkich. Podczas gdy WP4 zapewnia narz\u0119dzie eTracking, WP3 koncentruje si\u0119 na wiedzy i zasobach, kt\u00f3re umo\u017cliwiaj\u0105 Po\u015brednikom Pracy (Job Brokers) korzystanie z nowych narz\u0119dzi i podej\u015b\u0107 w spos\u00f3b pewny i skuteczny. <\/p>\n<p>Naszym celem jest wyposa\u017cy\u0107 praktyk\u00f3w w tre\u015bci praktyczne i anga\u017cuj\u0105ce, kt\u00f3re pomog\u0105 im radzi\u0107 sobie z niedoborami kompetencji, wspiera\u0107 spo\u0142eczno\u015bci szczeg\u00f3lnie nara\u017cone na wykluczenie oraz w pe\u0142ni wykorzystywa\u0107 nowe mo\u017cliwo\u015bci na europejskim rynku pracy w sektorze turystyki.<\/p>\n<p>Nasz e-Poradnik \u0142\u0105czy wszystkie te spostrze\u017cenia w praktycznym, \u0142atwym w u\u017cyciu formacie cyfrowym.<\/p>\n<p><strong>Poznaj pe\u0142ne podej\u015bcie MAAS, przejrzyj modu\u0142y tematyczne i skorzystaj z zasob\u00f3w zaprojektowanych tak, aby wspiera\u0107 Twoj\u0105 codzienn\u0105 prac\u0119 jako Po\u015brednika Pracy (Job Broker).<\/strong><br \/>\n<em>Skorzystaj z naszego e-Poradnika tutaj \u2192<a href=\"https:\/\/www.maas-project.eu\/pl\/eprzewodnik\/\">https:\/\/www.maas-project.eu\/e-guide\/ <\/a> <\/em>[\/vc_column_text][\/vc_column][\/vc_row]\n","protected":false},"excerpt":{"rendered":"<p>[vc_row type=&#8221;in_container&#8221; full_screen_row_position=&#8221;middle&#8221; column_margin=&#8221;default&#8221; column_direction=&#8221;default&#8221; column_direction_tablet=&#8221;default&#8221; column_direction_phone=&#8221;default&#8221; scene_position=&#8221;center&#8221; top_padding=&#8221;50px&#8221; text_color=&#8221;dark&#8221; text_align=&#8221;left&#8221; row_border_radius=&#8221;none&#8221; row_border_radius_applies=&#8221;bg&#8221; overflow=&#8221;visible&#8221; overlay_strength=&#8221;0.3&#8243; gradient_direction=&#8221;left_to_right&#8221; shape_divider_position=&#8221;bottom&#8221; bg_image_animation=&#8221;none&#8221; gradient_type=&#8221;default&#8221; shape_type=&#8221;&#8221;][vc_column column_padding=&#8221;no-extra-padding&#8221; column_padding_tablet=&#8221;inherit&#8221; column_padding_phone=&#8221;inherit&#8221; column_padding_position=&#8221;all&#8221; column_element_direction_desktop=&#8221;default&#8221; column_element_spacing=&#8221;default&#8221; desktop_text_alignment=&#8221;default&#8221; tablet_text_alignment=&#8221;default&#8221; phone_text_alignment=&#8221;default&#8221; background_color_opacity=&#8221;1&#8243;&#8230;<\/p>\n","protected":false},"author":1,"featured_media":0,"parent":0,"menu_order":0,"comment_status":"closed","ping_status":"closed","template":"","meta":{"footnotes":""},"class_list":["post-526","page","type-page","status-publish"],"_links":{"self":[{"href":"https:\/\/www.maas-project.eu\/pl\/wp-json\/wp\/v2\/pages\/526","targetHints":{"allow":["GET"]}}],"collection":[{"href":"https:\/\/www.maas-project.eu\/pl\/wp-json\/wp\/v2\/pages"}],"about":[{"href":"https:\/\/www.maas-project.eu\/pl\/wp-json\/wp\/v2\/types\/page"}],"author":[{"embeddable":true,"href":"https:\/\/www.maas-project.eu\/pl\/wp-json\/wp\/v2\/users\/1"}],"replies":[{"embeddable":true,"href":"https:\/\/www.maas-project.eu\/pl\/wp-json\/wp\/v2\/comments?post=526"}],"version-history":[{"count":6,"href":"https:\/\/www.maas-project.eu\/pl\/wp-json\/wp\/v2\/pages\/526\/revisions"}],"predecessor-version":[{"id":2012,"href":"https:\/\/www.maas-project.eu\/pl\/wp-json\/wp\/v2\/pages\/526\/revisions\/2012"}],"wp:attachment":[{"href":"https:\/\/www.maas-project.eu\/pl\/wp-json\/wp\/v2\/media?parent=526"}],"curies":[{"name":"wp","href":"https:\/\/api.w.org\/{rel}","templated":true}]}}