{"id":520,"date":"2024-01-17T15:53:15","date_gmt":"2024-01-17T13:53:15","guid":{"rendered":"https:\/\/www.maas-project.eu\/spolecznosci-praktykow\/"},"modified":"2024-03-26T14:31:49","modified_gmt":"2024-03-26T12:31:49","slug":"spolecznosci-praktykow","status":"publish","type":"page","link":"https:\/\/www.maas-project.eu\/pl\/spolecznosci-praktykow\/","title":{"rendered":"Spo\u0142eczno\u015bci Praktyk\u00f3w"},"content":{"rendered":"[vc_row type=&#8221;in_container&#8221; full_screen_row_position=&#8221;middle&#8221; column_margin=&#8221;default&#8221; column_direction=&#8221;default&#8221; column_direction_tablet=&#8221;default&#8221; column_direction_phone=&#8221;default&#8221; scene_position=&#8221;center&#8221; top_padding=&#8221;50px&#8221; text_color=&#8221;dark&#8221; text_align=&#8221;left&#8221; row_border_radius=&#8221;none&#8221; row_border_radius_applies=&#8221;bg&#8221; overflow=&#8221;visible&#8221; overlay_strength=&#8221;0.3&#8243; gradient_direction=&#8221;left_to_right&#8221; shape_divider_position=&#8221;bottom&#8221; bg_image_animation=&#8221;none&#8221; gradient_type=&#8221;default&#8221; shape_type=&#8221;&#8221;][vc_column column_padding=&#8221;no-extra-padding&#8221; column_padding_tablet=&#8221;inherit&#8221; column_padding_phone=&#8221;inherit&#8221; column_padding_position=&#8221;all&#8221; column_element_direction_desktop=&#8221;default&#8221; column_element_spacing=&#8221;default&#8221; desktop_text_alignment=&#8221;default&#8221; tablet_text_alignment=&#8221;default&#8221; phone_text_alignment=&#8221;default&#8221; background_color_opacity=&#8221;1&#8243; background_hover_color_opacity=&#8221;1&#8243; column_backdrop_filter=&#8221;none&#8221; column_shadow=&#8221;none&#8221; column_border_radius=&#8221;none&#8221; column_link_target=&#8221;_self&#8221; column_position=&#8221;default&#8221; gradient_direction=&#8221;left_to_right&#8221; overlay_strength=&#8221;0.3&#8243; width=&#8221;1\/1&#8243; tablet_width_inherit=&#8221;default&#8221; animation_type=&#8221;default&#8221; bg_image_animation=&#8221;none&#8221; border_type=&#8221;simple&#8221; column_border_width=&#8221;none&#8221; column_border_style=&#8221;solid&#8221;][vc_column_text text_direction=&#8221;default&#8221;]Spo\u0142eczno\u015b\u0107 praktyk\u00f3w (CoP) sk\u0142ada si\u0119 z grupy ludzi, kt\u00f3rzy spotykaj\u0105 si\u0119, aby omawia\u0107 wsp\u00f3lne problemy i wsp\u00f3\u0142pracowa\u0107, dzieli\u0107 si\u0119 informacjami i wymienia\u0107 do\u015bwiadczeniami w celu wsp\u00f3lnego poszukiwania rozwi\u0105za\u0144. Spo\u0142eczno\u015bci praktyk\u00f3w \u0142\u0105cz\u0105 ludzi, a ich cele mog\u0105 obejmowa\u0107 przewodnictwo w praktykach, opracowywanie wytycznych, budowanie repozytori\u00f3w wiedzy, zajmowanie si\u0119 problemami technicznymi i rozwi\u0105zaniami oraz wzajemne uczenie si\u0119.<\/p>\n<p>Wsp\u00f3\u0142praca CoP odbywa si\u0119 za po\u015brednictwem platformy cyfrowej, na kt\u00f3rej CoP \u2013 mi\u0119dzynarodowy \u201ezesp\u00f3\u0142 zadaniowy\u201d, sk\u0142adaj\u0105cy si\u0119 z wiod\u0105cych po\u015brednik\u00f3w pracy, specjalist\u00f3w ds. turystyki, specjalist\u00f3w ds. nauczania i projektowania pedagogicznego, projektant\u00f3w technicznych i producent\u00f3w oraz kierownik\u00f3w projekt\u00f3w w spo\u0142eczno\u015bci \u2013 mo\u017ce efektywnie pracowa\u0107 razem, aby osi\u0105gn\u0105\u0107 og\u00f3lny cel i za\u0142o\u017cenia projektu.[\/vc_column_text][\/vc_column][\/vc_row]\n","protected":false},"excerpt":{"rendered":"<p>[vc_row type=&#8221;in_container&#8221; full_screen_row_position=&#8221;middle&#8221; column_margin=&#8221;default&#8221; column_direction=&#8221;default&#8221; column_direction_tablet=&#8221;default&#8221; column_direction_phone=&#8221;default&#8221; scene_position=&#8221;center&#8221; top_padding=&#8221;50px&#8221; text_color=&#8221;dark&#8221; text_align=&#8221;left&#8221; row_border_radius=&#8221;none&#8221; row_border_radius_applies=&#8221;bg&#8221; overflow=&#8221;visible&#8221; overlay_strength=&#8221;0.3&#8243; gradient_direction=&#8221;left_to_right&#8221; shape_divider_position=&#8221;bottom&#8221; bg_image_animation=&#8221;none&#8221; gradient_type=&#8221;default&#8221; shape_type=&#8221;&#8221;][vc_column column_padding=&#8221;no-extra-padding&#8221; column_padding_tablet=&#8221;inherit&#8221; column_padding_phone=&#8221;inherit&#8221; column_padding_position=&#8221;all&#8221; column_element_direction_desktop=&#8221;default&#8221; column_element_spacing=&#8221;default&#8221; desktop_text_alignment=&#8221;default&#8221; tablet_text_alignment=&#8221;default&#8221; phone_text_alignment=&#8221;default&#8221; background_color_opacity=&#8221;1&#8243;&#8230;<\/p>\n","protected":false},"author":1,"featured_media":0,"parent":0,"menu_order":0,"comment_status":"closed","ping_status":"closed","template":"","meta":{"footnotes":""},"class_list":["post-520","page","type-page","status-publish"],"_links":{"self":[{"href":"https:\/\/www.maas-project.eu\/pl\/wp-json\/wp\/v2\/pages\/520","targetHints":{"allow":["GET"]}}],"collection":[{"href":"https:\/\/www.maas-project.eu\/pl\/wp-json\/wp\/v2\/pages"}],"about":[{"href":"https:\/\/www.maas-project.eu\/pl\/wp-json\/wp\/v2\/types\/page"}],"author":[{"embeddable":true,"href":"https:\/\/www.maas-project.eu\/pl\/wp-json\/wp\/v2\/users\/1"}],"replies":[{"embeddable":true,"href":"https:\/\/www.maas-project.eu\/pl\/wp-json\/wp\/v2\/comments?post=520"}],"version-history":[{"count":4,"href":"https:\/\/www.maas-project.eu\/pl\/wp-json\/wp\/v2\/pages\/520\/revisions"}],"predecessor-version":[{"id":524,"href":"https:\/\/www.maas-project.eu\/pl\/wp-json\/wp\/v2\/pages\/520\/revisions\/524"}],"wp:attachment":[{"href":"https:\/\/www.maas-project.eu\/pl\/wp-json\/wp\/v2\/media?parent=520"}],"curies":[{"name":"wp","href":"https:\/\/api.w.org\/{rel}","templated":true}]}}