{"id":517,"date":"2023-12-15T14:51:03","date_gmt":"2023-12-15T12:51:03","guid":{"rendered":"https:\/\/www.maas-project.eu\/o-projekcie\/"},"modified":"2024-03-26T14:26:41","modified_gmt":"2024-03-26T12:26:41","slug":"o-projekcie","status":"publish","type":"page","link":"https:\/\/www.maas-project.eu\/pl\/o-projekcie\/","title":{"rendered":"O projekcie"},"content":{"rendered":"[vc_row type=&#8221;in_container&#8221; full_screen_row_position=&#8221;middle&#8221; column_margin=&#8221;default&#8221; column_direction=&#8221;default&#8221; column_direction_tablet=&#8221;default&#8221; column_direction_phone=&#8221;default&#8221; scene_position=&#8221;center&#8221; top_padding=&#8221;50px&#8221; text_color=&#8221;dark&#8221; text_align=&#8221;left&#8221; row_border_radius=&#8221;none&#8221; row_border_radius_applies=&#8221;bg&#8221; overflow=&#8221;visible&#8221; overlay_strength=&#8221;0.3&#8243; gradient_direction=&#8221;left_to_right&#8221; shape_divider_position=&#8221;bottom&#8221; bg_image_animation=&#8221;none&#8221; gradient_type=&#8221;default&#8221; shape_type=&#8221;&#8221;][vc_column column_padding=&#8221;no-extra-padding&#8221; column_padding_tablet=&#8221;inherit&#8221; column_padding_phone=&#8221;inherit&#8221; column_padding_position=&#8221;all&#8221; column_element_direction_desktop=&#8221;default&#8221; column_element_spacing=&#8221;default&#8221; desktop_text_alignment=&#8221;default&#8221; tablet_text_alignment=&#8221;default&#8221; phone_text_alignment=&#8221;default&#8221; background_color_opacity=&#8221;1&#8243; background_hover_color_opacity=&#8221;1&#8243; column_backdrop_filter=&#8221;none&#8221; column_shadow=&#8221;none&#8221; column_border_radius=&#8221;none&#8221; column_link_target=&#8221;_self&#8221; column_position=&#8221;default&#8221; gradient_direction=&#8221;left_to_right&#8221; overlay_strength=&#8221;0.3&#8243; width=&#8221;1\/1&#8243; tablet_width_inherit=&#8221;default&#8221; animation_type=&#8221;default&#8221; bg_image_animation=&#8221;none&#8221; border_type=&#8221;simple&#8221; column_border_width=&#8221;none&#8221; column_border_style=&#8221;solid&#8221;][vc_column_text text_direction=&#8221;default&#8221;]MAAS (Match, Attach and Sustain &#8211; dopasuj, po\u0142\u0105cz, utrzymaj) <strong>opracowuje nowe metody i podnosi umiej\u0119tno\u015bci europejskich po\u015brednik\u00f3w pracy.<\/strong> Czyni to w celu ulepszenia i dostosowania us\u0142ug informacyjnych, doradczych i poradnictwa, k\u0142ad\u0105c nacisk na mo\u017cliwo\u015b\u0107 niezw\u0142ocznego lepszego wspierania ukrai\u0144skich uchod\u017ac\u00f3w i innych os\u00f3b poszukuj\u0105cych pracy, a znajduj\u0105cych si\u0119 w pilnej potrzebie. MAAS robi to reaguj\u0105c na mo\u017cliwo\u015bci zatrudnienia i kariery w uj\u0119ciu sektorowym, koncentruj\u0105c si\u0119 na europejskim sektorze turystyki, odzyskuj\u0105cym swoje ekonomiczne znaczenie po pandemii COVID-19.<\/p>\n<p>Partnerzy MAAS zaprojektuj\u0105 i <strong>zastosuj\u0105<\/strong> nowe <strong>metody<\/strong> <strong>doradztwa oraz ulepszone cyfrowo techniki<\/strong> i <strong>podej\u015bcia dla os\u00f3b zaanga\u017cowanych w projektowanie,<\/strong> zarz\u0105dzanie i wdra\u017canie us\u0142ug po\u015brednictwa pracy (informacje, porady, wytyczne dotycz\u0105ce dopasowania oferty pracy i trwa\u0142ego zatrudnienia), skierowanych do os\u00f3b poszukuj\u0105cych pracy w turystyce. Projekt tworzy now\u0105 ponadnarodow\u0105 wsp\u00f3lnot\u0119 praktyk\u00f3w, informowan\u0105 \u201eoddolnie\u201d przez grupy zajmuj\u0105ce si\u0119 uczeniem si\u0119 poprzez dzia\u0142anie, kt\u00f3re z kolei czerpi\u0105 korzy\u015bci \u201eodg\u00f3rne\u201d z nowych metod i narz\u0119dzi.<\/p>\n<p>MAAS generuje nowatorskie, niematerialne i materialne rezultaty. Projekt wspiera odporno\u015b\u0107, w\u0142\u0105czenie spo\u0142eczne i niezale\u017cno\u015b\u0107 ekonomiczn\u0105 ukrai\u0144skich uchod\u017ac\u00f3w wysiedlonych w wyniku wojny, koncentruj\u0105c si\u0119 na niedoborach umiej\u0119tno\u015bci w turystyce. Tworzy nowe partnerstwo wsp\u00f3\u0142pracy w celu wsparcia Ukrainy, jakim jest po\u0142\u0105czona w sie\u0107, wsp\u00f3\u0142tworz\u0105ca spo\u0142eczno\u015b\u0107 praktyk\u00f3w w postaci po\u015brednik\u00f3w pracy, kt\u00f3rzy natychmiast dziel\u0105 si\u0119 wiedz\u0105, metodami i technikami. Efektem przedsi\u0119wzi\u0119cia s\u0105 skonkretyzowane nowe metody \u201eMatch, Attach and Sustain\u201d (dopasuj, po\u0142\u0105cz, utrzymaj), cyfrowe, wieloj\u0119zyczne narz\u0119dzie e-Tracking i zestaw narz\u0119dzi doradczych.[\/vc_column_text][divider line_type=&#8221;Full Width Line&#8221; line_thickness=&#8221;1&#8243; divider_color=&#8221;extra-color-1&#8243;][vc_column_text text_direction=&#8221;default&#8221;]<strong>Cele:<\/strong><\/p>\n<p>Og\u00f3lnym celem projektu MAAS (Match, Attach, and Sustain) jest opracowanie i wdro\u017cenie systemu po\u015brednictwa pracy, poprzez podnoszenie kwalifikacji i rozw\u00f3j po\u015brednik\u00f3w pracy, kt\u00f3rzy w nim pracuj\u0105, co pomo\u017ce uchod\u017acom i osobom poszukuj\u0105cym pracy, szczeg\u00f3lnie tym przesiedlonym w wyniku wojny na Ukrainie, w znalezieniu odpowiednich mo\u017cliwo\u015bci zatrudnienia, ukierunkowanych na sektor turystyczny.<\/p>\n<p>Jego szczeg\u00f3\u0142owymi celami s\u0105:<\/p>\n<ul>\n<li>Identyfikacja potrzeb i oczekiwa\u0144 po\u015brednik\u00f3w pracy w zakresie rozwoju nowych i mieszanych, wspomaganych cyfrowo metod doradztwa zawodowego;<\/li>\n<li>Kreacja i rozwijanie ponadnarodowej spo\u0142eczno\u015bci praktyk\u00f3w, funkcjonuj\u0105cej jako forum szkoleniowe i rozwojowe europejskich po\u015brednik\u00f3w pracy, kt\u00f3ra pomo\u017ce wsp\u00f3\u0142tworzy\u0107 i opracowywa\u0107 metody MAAS;<\/li>\n<li>Projektowanie, kreacja i publikacja nowych zasob\u00f3w cyfrowych, w tym zestawu e-przewodnika dla po\u015brednik\u00f3w pracy oraz nowatorskiego narz\u0119dzia e-Tracking i programu do tworzenia portfolio;<\/li>\n<li>Weryfikacja skuteczno\u015bci metod i ich szerokie rozpowszechnienie w\u015br\u00f3d zainteresowanych stron, zajmuj\u0105cych si\u0119 kszta\u0142ceniem i szkoleniem, turystyk\u0105 oraz przesiedlaniem uchod\u017ac\u00f3w;<\/li>\n<li>Utworzenie nowego partnerstwa do wsp\u00f3\u0142pracy w celu realizacji i wykorzystania wynik\u00f3w projektu oraz trwa\u0142ego wspierania ukrai\u0144skiej wytrwa\u0142o\u015bci i odbudowy.<\/li>\n<\/ul>\n[\/vc_column_text][\/vc_column][\/vc_row]\n","protected":false},"excerpt":{"rendered":"<p>[vc_row type=&#8221;in_container&#8221; full_screen_row_position=&#8221;middle&#8221; column_margin=&#8221;default&#8221; column_direction=&#8221;default&#8221; column_direction_tablet=&#8221;default&#8221; column_direction_phone=&#8221;default&#8221; scene_position=&#8221;center&#8221; top_padding=&#8221;50px&#8221; text_color=&#8221;dark&#8221; text_align=&#8221;left&#8221; row_border_radius=&#8221;none&#8221; row_border_radius_applies=&#8221;bg&#8221; overflow=&#8221;visible&#8221; overlay_strength=&#8221;0.3&#8243; gradient_direction=&#8221;left_to_right&#8221; shape_divider_position=&#8221;bottom&#8221; bg_image_animation=&#8221;none&#8221; gradient_type=&#8221;default&#8221; shape_type=&#8221;&#8221;][vc_column column_padding=&#8221;no-extra-padding&#8221; column_padding_tablet=&#8221;inherit&#8221; column_padding_phone=&#8221;inherit&#8221; column_padding_position=&#8221;all&#8221; column_element_direction_desktop=&#8221;default&#8221; column_element_spacing=&#8221;default&#8221; desktop_text_alignment=&#8221;default&#8221; tablet_text_alignment=&#8221;default&#8221; phone_text_alignment=&#8221;default&#8221; background_color_opacity=&#8221;1&#8243;&#8230;<\/p>\n","protected":false},"author":1,"featured_media":0,"parent":0,"menu_order":0,"comment_status":"closed","ping_status":"closed","template":"","meta":{"footnotes":""},"class_list":["post-517","page","type-page","status-publish"],"_links":{"self":[{"href":"https:\/\/www.maas-project.eu\/pl\/wp-json\/wp\/v2\/pages\/517","targetHints":{"allow":["GET"]}}],"collection":[{"href":"https:\/\/www.maas-project.eu\/pl\/wp-json\/wp\/v2\/pages"}],"about":[{"href":"https:\/\/www.maas-project.eu\/pl\/wp-json\/wp\/v2\/types\/page"}],"author":[{"embeddable":true,"href":"https:\/\/www.maas-project.eu\/pl\/wp-json\/wp\/v2\/users\/1"}],"replies":[{"embeddable":true,"href":"https:\/\/www.maas-project.eu\/pl\/wp-json\/wp\/v2\/comments?post=517"}],"version-history":[{"count":2,"href":"https:\/\/www.maas-project.eu\/pl\/wp-json\/wp\/v2\/pages\/517\/revisions"}],"predecessor-version":[{"id":519,"href":"https:\/\/www.maas-project.eu\/pl\/wp-json\/wp\/v2\/pages\/517\/revisions\/519"}],"wp:attachment":[{"href":"https:\/\/www.maas-project.eu\/pl\/wp-json\/wp\/v2\/media?parent=517"}],"curies":[{"name":"wp","href":"https:\/\/api.w.org\/{rel}","templated":true}]}}