{"id":2135,"date":"2025-08-20T16:00:10","date_gmt":"2025-08-20T13:00:10","guid":{"rendered":"https:\/\/www.maas-project.eu\/platforma-zasobow-maas\/"},"modified":"2026-01-08T11:53:05","modified_gmt":"2026-01-08T09:53:05","slug":"platforma-zasobow-maas","status":"publish","type":"page","link":"https:\/\/www.maas-project.eu\/pl\/platforma-zasobow-maas\/","title":{"rendered":"Platforma Zasob\u00f3w MAAS"},"content":{"rendered":"[vc_row type=&#8221;in_container&#8221; full_screen_row_position=&#8221;middle&#8221; column_margin=&#8221;default&#8221; column_direction=&#8221;default&#8221; column_direction_tablet=&#8221;default&#8221; column_direction_phone=&#8221;default&#8221; scene_position=&#8221;center&#8221; text_color=&#8221;dark&#8221; text_align=&#8221;left&#8221; row_border_radius=&#8221;none&#8221; row_border_radius_applies=&#8221;bg&#8221; overflow=&#8221;visible&#8221; overlay_strength=&#8221;0.3&#8243; gradient_direction=&#8221;left_to_right&#8221; shape_divider_position=&#8221;bottom&#8221; bg_image_animation=&#8221;none&#8221;][vc_column column_padding=&#8221;no-extra-padding&#8221; column_padding_tablet=&#8221;inherit&#8221; column_padding_phone=&#8221;inherit&#8221; column_padding_position=&#8221;all&#8221; column_element_direction_desktop=&#8221;default&#8221; column_element_spacing=&#8221;default&#8221; desktop_text_alignment=&#8221;default&#8221; tablet_text_alignment=&#8221;default&#8221; phone_text_alignment=&#8221;default&#8221; background_color_opacity=&#8221;1&#8243; background_hover_color_opacity=&#8221;1&#8243; column_backdrop_filter=&#8221;none&#8221; column_shadow=&#8221;none&#8221; column_border_radius=&#8221;none&#8221; column_link_target=&#8221;_self&#8221; column_position=&#8221;default&#8221; gradient_direction=&#8221;left_to_right&#8221; overlay_strength=&#8221;0.3&#8243; width=&#8221;1\/1&#8243; tablet_width_inherit=&#8221;default&#8221; animation_type=&#8221;default&#8221; bg_image_animation=&#8221;none&#8221; border_type=&#8221;simple&#8221; column_border_width=&#8221;none&#8221; column_border_style=&#8221;solid&#8221;][vc_column_text css=&#8221;&#8221; text_direction=&#8221;default&#8221;]Interaktywna mapa MAAS to centrum szybkiego dost\u0119pu, kt\u00f3re gromadzi kluczowe zasoby na poziomie krajowym, zidentyfikowane przez wszystkich partner\u00f3w projektu. Ka\u017cdy znacznik na mapie wskazuje istotne organizacje, us\u0142ugi oraz struktury wsparcia, kt\u00f3re przyczyniaj\u0105 si\u0119 do zwi\u0119kszenia zatrudnialno\u015bci uchod\u017ac\u00f3w oraz ich integracji na rynku pracy, ze szczeg\u00f3lnym uwzgl\u0119dnieniem sektora turystyki.<br \/>Mapa, powi\u0105zana z e-Przewodnikiem oraz podej\u015bciem MAAS \u201eMatch\u2013Attach\u2013Sustain\u201d, wspiera po\u015brednik\u00f3w pracy oraz innych interesariuszy w szybkim zrozumieniu krajowych uwarunkowa\u0144, odnalezieniu wiarygodnych punkt\u00f3w odniesienia oraz poznaniu praktycznych \u015bcie\u017cek wsparcia. U\u0142atwia dopasowanie uchod\u017ac\u00f3w do ofert pracy, wspiera integracj\u0119 w miejscu pracy oraz promuje d\u0142ugoterminowe zatrudnienie w ca\u0142ej Europie.[\/vc_column_text][vc_column_text css=&#8221;&#8221; text_direction=&#8221;default&#8221;]<div id=\"mapsvg-\" data-id=\"\" class=\"mapsvg\" data-autoload=\"true\" data-load-db=\"false\" data-loading-text=\"\" style=\"width: 100%; height: 0; padding-bottom: 62.5%\"><\/div>[\/vc_column_text][\/vc_column][\/vc_row]\n","protected":false},"excerpt":{"rendered":"<p>[vc_row type=&#8221;in_container&#8221; full_screen_row_position=&#8221;middle&#8221; column_margin=&#8221;default&#8221; column_direction=&#8221;default&#8221; column_direction_tablet=&#8221;default&#8221; column_direction_phone=&#8221;default&#8221; scene_position=&#8221;center&#8221; text_color=&#8221;dark&#8221; text_align=&#8221;left&#8221; row_border_radius=&#8221;none&#8221; row_border_radius_applies=&#8221;bg&#8221; overflow=&#8221;visible&#8221; overlay_strength=&#8221;0.3&#8243; gradient_direction=&#8221;left_to_right&#8221; shape_divider_position=&#8221;bottom&#8221; bg_image_animation=&#8221;none&#8221;][vc_column column_padding=&#8221;no-extra-padding&#8221; column_padding_tablet=&#8221;inherit&#8221; column_padding_phone=&#8221;inherit&#8221; column_padding_position=&#8221;all&#8221; column_element_direction_desktop=&#8221;default&#8221; column_element_spacing=&#8221;default&#8221; desktop_text_alignment=&#8221;default&#8221; tablet_text_alignment=&#8221;default&#8221; phone_text_alignment=&#8221;default&#8221; background_color_opacity=&#8221;1&#8243; background_hover_color_opacity=&#8221;1&#8243; column_backdrop_filter=&#8221;none&#8221; column_shadow=&#8221;none&#8221;&#8230;<\/p>\n","protected":false},"author":1,"featured_media":0,"parent":0,"menu_order":0,"comment_status":"closed","ping_status":"closed","template":"","meta":{"footnotes":""},"class_list":["post-2135","page","type-page","status-publish"],"_links":{"self":[{"href":"https:\/\/www.maas-project.eu\/pl\/wp-json\/wp\/v2\/pages\/2135","targetHints":{"allow":["GET"]}}],"collection":[{"href":"https:\/\/www.maas-project.eu\/pl\/wp-json\/wp\/v2\/pages"}],"about":[{"href":"https:\/\/www.maas-project.eu\/pl\/wp-json\/wp\/v2\/types\/page"}],"author":[{"embeddable":true,"href":"https:\/\/www.maas-project.eu\/pl\/wp-json\/wp\/v2\/users\/1"}],"replies":[{"embeddable":true,"href":"https:\/\/www.maas-project.eu\/pl\/wp-json\/wp\/v2\/comments?post=2135"}],"version-history":[{"count":2,"href":"https:\/\/www.maas-project.eu\/pl\/wp-json\/wp\/v2\/pages\/2135\/revisions"}],"predecessor-version":[{"id":2137,"href":"https:\/\/www.maas-project.eu\/pl\/wp-json\/wp\/v2\/pages\/2135\/revisions\/2137"}],"wp:attachment":[{"href":"https:\/\/www.maas-project.eu\/pl\/wp-json\/wp\/v2\/media?parent=2135"}],"curies":[{"name":"wp","href":"https:\/\/api.w.org\/{rel}","templated":true}]}}