{"id":457,"date":"2024-01-17T15:53:28","date_gmt":"2024-01-17T13:53:28","guid":{"rendered":"https:\/\/www.maas-project.eu\/adferdir-og-rafraen-leidsogn-fyrir-vinnumidlara-i-ferdathjonustu\/"},"modified":"2025-11-24T13:51:28","modified_gmt":"2025-11-24T11:51:28","slug":"adferdir-og-rafraen-leidsogn-fyrir-vinnumidlara-i-ferdathjonustu","status":"publish","type":"page","link":"https:\/\/www.maas-project.eu\/is\/adferdir-og-rafraen-leidsogn-fyrir-vinnumidlara-i-ferdathjonustu\/","title":{"rendered":"A\u00f0fer\u00f0ir og rafr\u00e6n lei\u00f0s\u00f6gn fyrir vinnumi\u00f0lara \u00ed fer\u00f0a\u00fej\u00f3nustu"},"content":{"rendered":"[vc_row type=&#8220;in_container&#8220; full_screen_row_position=&#8220;middle&#8220; column_margin=&#8220;default&#8220; column_direction=&#8220;default&#8220; column_direction_tablet=&#8220;default&#8220; column_direction_phone=&#8220;default&#8220; scene_position=&#8220;center&#8220; top_padding=&#8220;50px&#8220; text_color=&#8220;dark&#8220; text_align=&#8220;left&#8220; row_border_radius=&#8220;none&#8220; row_border_radius_applies=&#8220;bg&#8220; overflow=&#8220;visible&#8220; overlay_strength=&#8220;0.3&#8243; gradient_direction=&#8220;left_to_right&#8220; shape_divider_position=&#8220;bottom&#8220; bg_image_animation=&#8220;none&#8220; gradient_type=&#8220;default&#8220; shape_type=&#8220;&#8220;][vc_column column_padding=&#8220;no-extra-padding&#8220; column_padding_tablet=&#8220;inherit&#8220; column_padding_phone=&#8220;inherit&#8220; column_padding_position=&#8220;all&#8220; column_element_direction_desktop=&#8220;default&#8220; column_element_spacing=&#8220;default&#8220; desktop_text_alignment=&#8220;default&#8220; tablet_text_alignment=&#8220;default&#8220; phone_text_alignment=&#8220;default&#8220; background_color_opacity=&#8220;1&#8243; background_hover_color_opacity=&#8220;1&#8243; column_backdrop_filter=&#8220;none&#8220; column_shadow=&#8220;none&#8220; column_border_radius=&#8220;none&#8220; column_link_target=&#8220;_self&#8220; column_position=&#8220;default&#8220; gradient_direction=&#8220;left_to_right&#8220; overlay_strength=&#8220;0.3&#8243; width=&#8220;1\/1&#8243; tablet_width_inherit=&#8220;default&#8220; animation_type=&#8220;default&#8220; bg_image_animation=&#8220;none&#8220; border_type=&#8220;simple&#8220; column_border_width=&#8220;none&#8220; column_border_style=&#8220;solid&#8220;][vc_column_text css=&#8220;&#8220; text_direction=&#8220;default&#8220;]Vinnupakki 3 sameinar \u00fe\u00e1 \u00feekkingu, inns\u00fdn og hagn\u00fdtu verkf\u00e6ri sem samstarfsa\u00f0ilar okkar hafa \u00fer\u00f3a\u00f0 \u00ed gegnum MAAS-verkefni\u00f0 og umbreytir \u00feeim \u00ed a\u00f0gengilegt eLei\u00f0arv\u00edsi (eGuide) fyrir atvinnumi\u00f0lara (Job Brokers) og r\u00e1\u00f0gjafa \u00ed atvinnum\u00e1lum. \u00cd sta\u00f0 t\u00e6knilegs or\u00f0alags e\u00f0a \u00f3hlutbundinna \u201en\u00fdrra a\u00f0fer\u00f0a\u201c er markmi\u00f0 okkar einfalt: a\u00f0 veita fagf\u00f3lki sk\u00fdrt, s\u00e9rfr\u00e6\u00f0ilega studdt efni sem \u00fea\u00f0 getur n\u00fdtt s\u00e9r \u00ed daglegu starfi. <\/p>\n<p>\u00cd gegnum starfssamf\u00e9lag okkar (Community of Practice) og samstarf vi\u00f0 s\u00e9rfr\u00e6\u00f0inga k\u00f6nnu\u00f0um vi\u00f0 \u00ferj\u00fa svi\u00f0 sem eru \u00ed kjarna MAAS-verkefnisins:<\/p>\n<ul>\n<li> Breytt atvinnulandslag \u00ed evr\u00f3pskum fer\u00f0a\u00fej\u00f3nustugeira<br \/>\nFer\u00f0a\u00fej\u00f3nustan er a\u00f0 endurreisa sig og m\u00f3tast upp \u00e1 n\u00fdtt, sem skapar n\u00fd t\u00e6kif\u00e6ri og dregur jafnframt fram verulegan skort \u00e1 lykilh\u00e6fni. eLei\u00f0arv\u00edsirinn okkar b\u00fd\u00f0ur upp \u00e1 sj\u00f3nr\u00e6nt efni, d\u00e6mi og inns\u00fdn sem hj\u00e1lpar atvinnumi\u00f0lurum (Job Brokers) a\u00f0 skilja geirann betur \u2014 jafnvel \u00fe\u00f3tt hann s\u00e9 \u00feeim n\u00fdr. <\/li>\n<li> Raunveruleiki og \u00fearfir fl\u00f3ttaf\u00f3lks, s\u00e9rstaklega \u00feeirra sem hafa fl\u00fai\u00f0 fr\u00e1 \u00dakra\u00ednu<br \/>\nHundru\u00f0 \u00fe\u00fasunda \u00dakra\u00ednumanna \u2014 a\u00f0allega konur og m\u00e6\u00f0ur \u2014 hafa leita\u00f0 \u00f6ryggis v\u00ed\u00f0s vegar um Evr\u00f3pu. Margar \u00fej\u00f3nustur vita l\u00edti\u00f0 um bakgrunn \u00feeirra, menntakerfin sem \u00feau koma \u00far e\u00f0a \u00fe\u00e6r daglegu \u00e1skoranir sem \u00feessi samf\u00e9l\u00f6g standa frammi fyrir. eLei\u00f0arv\u00edsirinn hj\u00e1lpar til vi\u00f0 a\u00f0 br\u00faa \u00feetta bil me\u00f0 \u00fev\u00ed a\u00f0 veita a\u00f0gengilegar uppl\u00fdsingar b\u00e6\u00f0i fyrir atvinnumi\u00f0lara (Job Brokers) og atvinnurekendur.  <\/li>\n<li> A\u00f0 gera MAAS-l\u00edkani\u00f0 lifandi: Match, Attach and Sustain<br \/>\nVi\u00f0 \u00fatsk\u00fdrum hvernig atvinnumi\u00f0larar (Job Brokers) geta ekki a\u00f0eins para\u00f0 fl\u00f3ttaf\u00f3lk og vi\u00f0kv\u00e6ma atvinnuleitendur vi\u00f0 t\u00e6kif\u00e6ri, heldur einnig tengt \u00feau vi\u00f0 atvinnurekendur me\u00f0 virkum stu\u00f0ningi \u2014 og, sem skiptir mestu, tryggt a\u00f0 r\u00e1\u00f0ningarnar haldist me\u00f0 v\u00f6ndu\u00f0u eftirfylgni- og stu\u00f0ningsferli.<\/li>\n<\/ul>\n<p>\u00dear sem stafr\u00e6nv\u00e6\u00f0ing heldur \u00e1fram a\u00f0 umbreyta atvinnulei\u00f0s\u00f6gn, veitir WP3 mannlega rammann sem liggur a\u00f0 baki \u00feessari \u00fer\u00f3un. \u00c1 me\u00f0an WP4 b\u00fd\u00f0ur upp \u00e1 eTracking-t\u00f3li\u00f0, leggur WP3 \u00e1herslu \u00e1 skilninginn og \u00farr\u00e6\u00f0in sem gera atvinnumi\u00f0lurum (Job Brokers) kleift a\u00f0 nota n\u00fd verkf\u00e6ri og n\u00e1lganir af \u00f6ryggi og me\u00f0 \u00e1rangursr\u00edkum h\u00e6tti. <\/p>\n<p>Markmi\u00f0 okkar er a\u00f0 \u00fatb\u00faa fagf\u00f3lk me\u00f0 hagn\u00fdtu og gr\u00edpandi efni sem hj\u00e1lpar \u00fev\u00ed a\u00f0 takast \u00e1 vi\u00f0 skort \u00e1 h\u00e6fni, sty\u00f0ja vi\u00f0 vi\u00f0kv\u00e6m samf\u00e9l\u00f6g og n\u00fdta sem best n\u00fd t\u00e6kif\u00e6ri \u00e1 evr\u00f3pskum vinnumarka\u00f0i fer\u00f0a\u00fej\u00f3nustunnar.<\/p>\n<p>eLei\u00f0arv\u00edsirinn okkar sameinar alla \u00feessa inns\u00fdn \u00ed hagn\u00fdtu, au\u00f0velt \u00ed notkun stafr\u00e6nu sni\u00f0i.<\/p>\n<p><strong>Kynntu \u00fe\u00e9r alla MAAS-n\u00e1lgunina, sko\u00f0a\u00f0u \u00feemat\u00edskar einingar og f\u00e1\u00f0u a\u00f0gang a\u00f0 \u00farr\u00e6\u00f0um sem eru h\u00f6nnu\u00f0 til a\u00f0 sty\u00f0ja vi\u00f0 daglegt starf \u00feitt sem atvinnumi\u00f0lari (Job Broker).<\/strong><br \/>\n<em>Nota\u00f0u eLei\u00f0arv\u00edsinn okkar h\u00e9r\u2192<a href=\"https:\/\/www.maas-project.eu\/e-guide\/\">https:\/\/www.maas-project.eu\/e-guide\/ <\/a> <\/em>[\/vc_column_text][\/vc_column][\/vc_row]\n","protected":false},"excerpt":{"rendered":"<p>[vc_row type=&#8220;in_container&#8220; full_screen_row_position=&#8220;middle&#8220; column_margin=&#8220;default&#8220; column_direction=&#8220;default&#8220; column_direction_tablet=&#8220;default&#8220; column_direction_phone=&#8220;default&#8220; scene_position=&#8220;center&#8220; top_padding=&#8220;50px&#8220; text_color=&#8220;dark&#8220; text_align=&#8220;left&#8220; row_border_radius=&#8220;none&#8220; row_border_radius_applies=&#8220;bg&#8220; overflow=&#8220;visible&#8220; overlay_strength=&#8220;0.3&#8243; gradient_direction=&#8220;left_to_right&#8220; shape_divider_position=&#8220;bottom&#8220; bg_image_animation=&#8220;none&#8220; gradient_type=&#8220;default&#8220; shape_type=&#8220;&#8220;][vc_column column_padding=&#8220;no-extra-padding&#8220; column_padding_tablet=&#8220;inherit&#8220; column_padding_phone=&#8220;inherit&#8220; column_padding_position=&#8220;all&#8220; column_element_direction_desktop=&#8220;default&#8220; column_element_spacing=&#8220;default&#8220; desktop_text_alignment=&#8220;default&#8220; tablet_text_alignment=&#8220;default&#8220; phone_text_alignment=&#8220;default&#8220; background_color_opacity=&#8220;1&#8243;&#8230;<\/p>\n","protected":false},"author":1,"featured_media":0,"parent":0,"menu_order":0,"comment_status":"closed","ping_status":"closed","template":"","meta":{"footnotes":""},"class_list":["post-457","page","type-page","status-publish"],"_links":{"self":[{"href":"https:\/\/www.maas-project.eu\/is\/wp-json\/wp\/v2\/pages\/457","targetHints":{"allow":["GET"]}}],"collection":[{"href":"https:\/\/www.maas-project.eu\/is\/wp-json\/wp\/v2\/pages"}],"about":[{"href":"https:\/\/www.maas-project.eu\/is\/wp-json\/wp\/v2\/types\/page"}],"author":[{"embeddable":true,"href":"https:\/\/www.maas-project.eu\/is\/wp-json\/wp\/v2\/users\/1"}],"replies":[{"embeddable":true,"href":"https:\/\/www.maas-project.eu\/is\/wp-json\/wp\/v2\/comments?post=457"}],"version-history":[{"count":6,"href":"https:\/\/www.maas-project.eu\/is\/wp-json\/wp\/v2\/pages\/457\/revisions"}],"predecessor-version":[{"id":2010,"href":"https:\/\/www.maas-project.eu\/is\/wp-json\/wp\/v2\/pages\/457\/revisions\/2010"}],"wp:attachment":[{"href":"https:\/\/www.maas-project.eu\/is\/wp-json\/wp\/v2\/media?parent=457"}],"curies":[{"name":"wp","href":"https:\/\/api.w.org\/{rel}","templated":true}]}}