{"id":448,"date":"2023-12-15T14:51:03","date_gmt":"2023-12-15T12:51:03","guid":{"rendered":"https:\/\/www.maas-project.eu\/um-verkefnid\/"},"modified":"2026-05-12T08:58:52","modified_gmt":"2026-05-12T05:58:52","slug":"um-verkefnid","status":"publish","type":"page","link":"https:\/\/www.maas-project.eu\/is\/um-verkefnid\/","title":{"rendered":"Um verkefni\u00f0"},"content":{"rendered":"[vc_row type=&#8220;in_container&#8220; full_screen_row_position=&#8220;middle&#8220; column_margin=&#8220;default&#8220; column_direction=&#8220;default&#8220; column_direction_tablet=&#8220;default&#8220; column_direction_phone=&#8220;default&#8220; scene_position=&#8220;center&#8220; top_padding=&#8220;50px&#8220; text_color=&#8220;dark&#8220; text_align=&#8220;left&#8220; row_border_radius=&#8220;none&#8220; row_border_radius_applies=&#8220;bg&#8220; row_position_desktop=&#8220;default&#8220; row_position_tablet=&#8220;inherit&#8220; row_position_phone=&#8220;inherit&#8220; overflow=&#8220;visible&#8220; overlay_strength=&#8220;0.3&#8243; gradient_direction=&#8220;left_to_right&#8220; shape_divider_position=&#8220;bottom&#8220; bg_image_animation=&#8220;none&#8220; gradient_type=&#8220;default&#8220; shape_type=&#8220;&#8220;][vc_column column_padding=&#8220;no-extra-padding&#8220; column_padding_tablet=&#8220;inherit&#8220; column_padding_phone=&#8220;inherit&#8220; column_padding_position=&#8220;all&#8220; flex_gap_desktop=&#8220;10px&#8220; column_element_direction_desktop=&#8220;default&#8220; column_element_spacing=&#8220;default&#8220; desktop_text_alignment=&#8220;default&#8220; tablet_text_alignment=&#8220;default&#8220; phone_text_alignment=&#8220;default&#8220; background_color_opacity=&#8220;1&#8243; background_hover_color_opacity=&#8220;1&#8243; column_backdrop_filter=&#8220;none&#8220; column_shadow=&#8220;none&#8220; column_border_radius=&#8220;none&#8220; column_link_target=&#8220;_self&#8220; column_position=&#8220;default&#8220; gradient_direction=&#8220;left_to_right&#8220; overlay_strength=&#8220;0.3&#8243; width=&#8220;1\/1&#8243; tablet_width_inherit=&#8220;default&#8220; animation_type=&#8220;default&#8220; bg_image_animation=&#8220;none&#8220; border_type=&#8220;simple&#8220; column_border_width=&#8220;none&#8220; column_border_style=&#8220;solid&#8220;][vc_column_text css=&#8220;&#8220; text_direction=&#8220;default&#8220;]MAAS (Match, Attach and Sustain) \u00fer\u00f3ar <strong>n\u00fdjar a\u00f0fer\u00f0ir og eflir vinnumi\u00f0lara Evr\u00f3pu.<\/strong> \u00dea\u00f0 eflir og s\u00e9rsn\u00ed\u00f0ar uppl\u00fdsinga- og r\u00e1\u00f0gjafa\u00fej\u00f3nustu me\u00f0 \u00e1herslu \u00e1 a\u00f0 geta stutt betur vi\u00f0 \u00fakra\u00ednska fl\u00f3ttamenn og a\u00f0ra atvinnuleitendur \u00ed br\u00fdnni \u00fe\u00f6rf. MAAS gerir \u00feetta einnig me\u00f0 \u00e1herslu \u00e1 tiltekna atvinnugrein, me\u00f0 \u00fev\u00ed a\u00f0 breg\u00f0ast vi\u00f0 \u00feeim atvinnu- og starfs\u00fer\u00f3unart\u00e6kif\u00e6rum sem eru \u00ed s\u00edauknum m\u00e6li a\u00f0 skapast \u00ed fer\u00f0a\u00fej\u00f3nustugeira Evr\u00f3pu, <strong>sem heldur \u00e1fram a\u00f0 vaxa og umbreytast \u00fer\u00e1tt fyrir vi\u00f0varandi f\u00e9lagslegar og efnahagslegar \u00e1skoranir.<\/strong><\/p>\n<p>Samstarfsa\u00f0ilar MAAS <strong>hanna<\/strong> og <strong>innlei\u00f0a n\u00fdjar r\u00e1\u00f0gjafara\u00f0fer\u00f0ir<\/strong>, \u00e1samt <strong>stafr\u00e6nt studdum a\u00f0fer\u00f0um og<\/strong> <strong>n\u00e1lgunum<\/strong>, fyrir \u00fe\u00e1 sem koma a\u00f0 h\u00f6nnun, stj\u00f3rnun og framkv\u00e6md \u00fej\u00f3nustu vi\u00f0 mi\u00f0lun starfa. S\u00fa \u00fej\u00f3nusta felur \u00ed s\u00e9r uppl\u00fdsingagj\u00f6f, r\u00e1\u00f0gj\u00f6f og lei\u00f0s\u00f6gn me\u00f0 \u00fea\u00f0 a\u00f0 markmi\u00f0i a\u00f0 stu\u00f0la a\u00f0 \u00e1rangursr\u00edkri samsv\u00f6run milli atvinnuleitenda og starfa, sem og varanlegri atvinnu fyrir atvinnuleitendur \u00ed fer\u00f0a\u00fej\u00f3nustu. MAAS leggur \u00e1herslu \u00e1 atvinnugreinar og \u00ed \u00feessu tiltekna verkefni er sj\u00f3ninni beint a\u00f0 starfst\u00e6kif\u00e6rum \u00ed fer\u00f0a\u00fej\u00f3nustu sem er a\u00f0 r\u00edsa upp \u00far Covid-19 heimsfaraldrinum.<\/p>\n<p>MAAS samstarfsa\u00f0ilarnir munu hanna n\u00fdjar stafr\u00e6nar r\u00e1\u00f0gjafara\u00f0fer\u00f0ir og munu innlei\u00f0a n\u00fdja tegund vinnumi\u00f0lunar\u00fej\u00f3nustu fyrir atvinnuleitendur \u00ed fer\u00f0a\u00fej\u00f3nustu sem felst \u00ed \u00fev\u00ed a\u00f0 veita uppl\u00fdsingar, r\u00e1\u00f0gj\u00f6f og lei\u00f0beiningar til a\u00f0 n\u00e1 betri p\u00f6run sem og til a\u00f0 auka l\u00edkur \u00e1 \u00fev\u00ed a\u00f0 atvinnuleitandi haldi vinnu. \u00der\u00f3a\u00f0 ver\u00f0ur n\u00fdtt \u00fever\u00fej\u00f3\u00f0legt samtarf sem mun deila s\u00edn \u00e1 milli n\u00fdjum a\u00f0fer\u00f0um og verkf\u00e6rum. MAAS mun leggja \u00e1herslu \u00e1 stu\u00f0ning vi\u00f0 seiglu, \u00fe\u00e1ttt\u00f6ku og efnahagslegt sj\u00e1lfst\u00e6\u00f0i \u00fakra\u00ednskra fl\u00f3ttamanna sem hafa veri\u00f0 \u00e1 fl\u00f3tta vegna str\u00ed\u00f0sins, til a\u00f0 breg\u00f0ast vi\u00f0 skorti \u00e1 f\u00e6rni \u00ed fer\u00f0a\u00fej\u00f3nustu. \u00deetta ver\u00f0ur samvinna fj\u00f6l\u00fej\u00f3\u00f0legra vinnumi\u00f0lara sem skiptast \u00e1 sko\u00f0unum og deila \u00feekkingu, a\u00f0fer\u00f0um og t\u00e6kni me\u00f0 hugmyndafr\u00e6\u00f0i MAAS a\u00f0 lei\u00f0arlj\u00f3si \u201eMatch, Attach &#038; Sustain\u201c[\/vc_column_text][divider line_type=&#8220;Full Width Line&#8220; line_thickness=&#8220;1&#8243; divider_color=&#8220;extra-color-1&#8243;][vc_column_text text_direction=&#8220;default&#8220;]<strong>Zielsetzungen:<\/strong><\/p>\n<p>Das \u00fcbergeordnete Ziel des MAAS-Projekts (Match, Attach, and Sustain) ist die Entwicklung und Umsetzung eines Arbeitsvermittlungssystems durch die Qualifizierung und Weiterentwicklung der darin t\u00e4tigen Arbeitsvermittler, das Fl\u00fcchtlingen und Arbeitssuchenden, insbesondere den durch den Krieg in der Ukraine Vertriebenen, helfen soll, geeignete Besch\u00e4ftigungsm\u00f6glichkeiten im Tourismussektor zu finden.<\/p>\n<p>S\u00e9rst\u00f6k markmi\u00f0 \u00feess eru a\u00f0:<\/p>\n<ul>\n<li>\u00deekkja \u00fearfir og v\u00e6ntingar vinnumi\u00f0lara me\u00f0 tilliti til \u00fer\u00f3unar n\u00fdrra stafr\u00e6nna r\u00e1\u00f0gjafara\u00f0fer\u00f0a.<\/li>\n<li>Byggja upp og \u00fatf\u00e6ra fj\u00f6l\u00fej\u00f3\u00f0legt stamstarf, sem \u00fej\u00e1lfunar- og \u00fer\u00f3unarvettvang, evr\u00f3pskra vinnumi\u00f0lara til a\u00f0 sty\u00f0ja vi\u00f0 MAAS (Match, Attach and Sustain) a\u00f0fer\u00f0ina.<\/li>\n<li>Hanna n\u00fd stafr\u00e6n \u00farr\u00e6\u00f0i, \u00fear \u00e1 me\u00f0al rafr\u00e6na \u00feekkingu fyrir atvinnumi\u00f0lara og n\u00fdtt eTracking Tool og Portfolio Builder forrit<\/li>\n<li>Sta\u00f0f\u00e6ra a\u00f0fer\u00f0irnar og kynna \u00fe\u00e6r til hagsmunaa\u00f0ila \u00ed fer\u00f0a\u00fej\u00f3nustu, endurmenntun sem og til \u00feeirra sem s\u00e9rh\u00e6fa sig \u00ed \u00fej\u00f3nustu vi\u00f0 fl\u00f3ttaf\u00f3lk.<\/li>\n<li>Stofna til samstarfs til \u00feess a\u00f0 koma ni\u00f0urst\u00f6\u00f0um verkefnisins \u00e1 framf\u00e6ri svo \u00fe\u00e6r megi sty\u00f0ja vi\u00f0 uppbyggingu og endurreisn \u00dakra\u00ednu.<\/li>\n<\/ul>\n[\/vc_column_text][\/vc_column][\/vc_row]\n","protected":false},"excerpt":{"rendered":"<p>[vc_row type=&#8220;in_container&#8220; full_screen_row_position=&#8220;middle&#8220; column_margin=&#8220;default&#8220; column_direction=&#8220;default&#8220; column_direction_tablet=&#8220;default&#8220; column_direction_phone=&#8220;default&#8220; scene_position=&#8220;center&#8220; top_padding=&#8220;50px&#8220; text_color=&#8220;dark&#8220; text_align=&#8220;left&#8220; row_border_radius=&#8220;none&#8220; row_border_radius_applies=&#8220;bg&#8220; row_position_desktop=&#8220;default&#8220; row_position_tablet=&#8220;inherit&#8220; row_position_phone=&#8220;inherit&#8220; overflow=&#8220;visible&#8220; overlay_strength=&#8220;0.3&#8243; gradient_direction=&#8220;left_to_right&#8220; shape_divider_position=&#8220;bottom&#8220; bg_image_animation=&#8220;none&#8220; gradient_type=&#8220;default&#8220; shape_type=&#8220;&#8220;][vc_column column_padding=&#8220;no-extra-padding&#8220; column_padding_tablet=&#8220;inherit&#8220; column_padding_phone=&#8220;inherit&#8220; column_padding_position=&#8220;all&#8220; flex_gap_desktop=&#8220;10px&#8220; column_element_direction_desktop=&#8220;default&#8220; column_element_spacing=&#8220;default&#8220;&#8230;<\/p>\n","protected":false},"author":1,"featured_media":0,"parent":0,"menu_order":0,"comment_status":"closed","ping_status":"closed","template":"","meta":{"footnotes":""},"class_list":["post-448","page","type-page","status-publish"],"_links":{"self":[{"href":"https:\/\/www.maas-project.eu\/is\/wp-json\/wp\/v2\/pages\/448","targetHints":{"allow":["GET"]}}],"collection":[{"href":"https:\/\/www.maas-project.eu\/is\/wp-json\/wp\/v2\/pages"}],"about":[{"href":"https:\/\/www.maas-project.eu\/is\/wp-json\/wp\/v2\/types\/page"}],"author":[{"embeddable":true,"href":"https:\/\/www.maas-project.eu\/is\/wp-json\/wp\/v2\/users\/1"}],"replies":[{"embeddable":true,"href":"https:\/\/www.maas-project.eu\/is\/wp-json\/wp\/v2\/comments?post=448"}],"version-history":[{"count":4,"href":"https:\/\/www.maas-project.eu\/is\/wp-json\/wp\/v2\/pages\/448\/revisions"}],"predecessor-version":[{"id":2788,"href":"https:\/\/www.maas-project.eu\/is\/wp-json\/wp\/v2\/pages\/448\/revisions\/2788"}],"wp:attachment":[{"href":"https:\/\/www.maas-project.eu\/is\/wp-json\/wp\/v2\/media?parent=448"}],"curies":[{"name":"wp","href":"https:\/\/api.w.org\/{rel}","templated":true}]}}