{"id":2470,"date":"2025-08-20T16:00:10","date_gmt":"2025-08-20T13:00:10","guid":{"rendered":"https:\/\/www.maas-project.eu\/maas-urraedamidstod\/"},"modified":"2026-04-27T15:22:15","modified_gmt":"2026-04-27T12:22:15","slug":"maas-urraedamidstod","status":"publish","type":"page","link":"https:\/\/www.maas-project.eu\/is\/maas-urraedamidstod\/","title":{"rendered":"MAAS \u00farr\u00e6\u00f0ami\u00f0st\u00f6\u00f0"},"content":{"rendered":"[vc_row type=&#8220;in_container&#8220; full_screen_row_position=&#8220;middle&#8220; column_margin=&#8220;default&#8220; column_direction=&#8220;default&#8220; column_direction_tablet=&#8220;default&#8220; column_direction_phone=&#8220;default&#8220; scene_position=&#8220;center&#8220; text_color=&#8220;dark&#8220; text_align=&#8220;left&#8220; row_border_radius=&#8220;none&#8220; row_border_radius_applies=&#8220;bg&#8220; row_position_desktop=&#8220;default&#8220; row_position_tablet=&#8220;inherit&#8220; row_position_phone=&#8220;inherit&#8220; overflow=&#8220;visible&#8220; overlay_strength=&#8220;0.3&#8243; gradient_direction=&#8220;left_to_right&#8220; shape_divider_position=&#8220;bottom&#8220; bg_image_animation=&#8220;none&#8220;][vc_column column_padding=&#8220;no-extra-padding&#8220; column_padding_tablet=&#8220;inherit&#8220; column_padding_phone=&#8220;inherit&#8220; column_padding_position=&#8220;all&#8220; flex_gap_desktop=&#8220;10px&#8220; column_element_direction_desktop=&#8220;default&#8220; column_element_spacing=&#8220;default&#8220; desktop_text_alignment=&#8220;default&#8220; tablet_text_alignment=&#8220;default&#8220; phone_text_alignment=&#8220;default&#8220; background_color_opacity=&#8220;1&#8243; background_hover_color_opacity=&#8220;1&#8243; column_backdrop_filter=&#8220;none&#8220; column_shadow=&#8220;none&#8220; column_border_radius=&#8220;none&#8220; column_link_target=&#8220;_self&#8220; column_position=&#8220;default&#8220; gradient_direction=&#8220;left_to_right&#8220; overlay_strength=&#8220;0.3&#8243; width=&#8220;1\/1&#8243; tablet_width_inherit=&#8220;default&#8220; animation_type=&#8220;default&#8220; bg_image_animation=&#8220;none&#8220; border_type=&#8220;simple&#8220; column_border_width=&#8220;none&#8220; column_border_style=&#8220;solid&#8220;][vc_column_text css=&#8220;&#8220; text_direction=&#8220;default&#8220;]MAAS gagnvirka korti\u00f0 er a\u00f0gangspunktur sem veitir skj\u00f3tan a\u00f0gang a\u00f0 helstu \u00farr\u00e6\u00f0um \u00e1 landsv\u00edsu sem allir verkefnisa\u00f0ilar hafa greint. Hver pinnur varpar lj\u00f3si \u00e1 vi\u00f0eigandi stofnanir, \u00fej\u00f3nustu og stu\u00f0ningskerfi sem stu\u00f0la a\u00f0 atvinnuh\u00e6fni fl\u00f3ttamanna og sam\u00fe\u00e6ttingu \u00feeirra \u00e1 vinnumarka\u00f0i, einkum \u00ed tengslum vi\u00f0 fer\u00f0a\u00fej\u00f3nustugeirann. Tengdur rafr\u00e6nu lei\u00f0arv\u00edsinum og MAAS &#8222;Match\u2013Attach\u2013Sustain&#8220; n\u00e1lguninni hj\u00e1lpar korti\u00f0 starfsmi\u00f0lara og hagsmunaa\u00f0ilum a\u00f0 skilja \u00fej\u00f3\u00f0legar a\u00f0st\u00e6\u00f0ur hratt, finna \u00e1rei\u00f0anlega vi\u00f0mi\u00f0unarpunkta og kanna hagn\u00fdtar stu\u00f0ningslei\u00f0ir til a\u00f0 para fl\u00f3ttamenn vi\u00f0 st\u00f6rf, au\u00f0velda sam\u00fe\u00e6ttingu \u00e1 vinnusta\u00f0 og stu\u00f0la a\u00f0 langt\u00edma atvinnu um alla Evr\u00f3pu[\/vc_column_text][vc_column_text css=&#8220;&#8220; text_direction=&#8220;default&#8220;]<div id=\"mapsvg-7\" data-id=\"7\" class=\"mapsvg\" data-autoload=\"true\" data-load-db=\"true\" data-loading-text=\"Loading map...\" style=\"width: 100%; height: 0; padding-bottom: 65.9%\"><\/div>[\/vc_column_text][\/vc_column][\/vc_row]\n","protected":false},"excerpt":{"rendered":"<p>[vc_row type=&#8220;in_container&#8220; full_screen_row_position=&#8220;middle&#8220; column_margin=&#8220;default&#8220; column_direction=&#8220;default&#8220; column_direction_tablet=&#8220;default&#8220; column_direction_phone=&#8220;default&#8220; scene_position=&#8220;center&#8220; text_color=&#8220;dark&#8220; text_align=&#8220;left&#8220; row_border_radius=&#8220;none&#8220; row_border_radius_applies=&#8220;bg&#8220; row_position_desktop=&#8220;default&#8220; row_position_tablet=&#8220;inherit&#8220; row_position_phone=&#8220;inherit&#8220; overflow=&#8220;visible&#8220; overlay_strength=&#8220;0.3&#8243; gradient_direction=&#8220;left_to_right&#8220; shape_divider_position=&#8220;bottom&#8220; bg_image_animation=&#8220;none&#8220;][vc_column column_padding=&#8220;no-extra-padding&#8220; column_padding_tablet=&#8220;inherit&#8220; column_padding_phone=&#8220;inherit&#8220; column_padding_position=&#8220;all&#8220; flex_gap_desktop=&#8220;10px&#8220; column_element_direction_desktop=&#8220;default&#8220; column_element_spacing=&#8220;default&#8220; desktop_text_alignment=&#8220;default&#8220; tablet_text_alignment=&#8220;default&#8220; phone_text_alignment=&#8220;default&#8220;&#8230;<\/p>\n","protected":false},"author":1,"featured_media":0,"parent":0,"menu_order":0,"comment_status":"closed","ping_status":"closed","template":"","meta":{"footnotes":""},"class_list":["post-2470","page","type-page","status-publish"],"_links":{"self":[{"href":"https:\/\/www.maas-project.eu\/is\/wp-json\/wp\/v2\/pages\/2470","targetHints":{"allow":["GET"]}}],"collection":[{"href":"https:\/\/www.maas-project.eu\/is\/wp-json\/wp\/v2\/pages"}],"about":[{"href":"https:\/\/www.maas-project.eu\/is\/wp-json\/wp\/v2\/types\/page"}],"author":[{"embeddable":true,"href":"https:\/\/www.maas-project.eu\/is\/wp-json\/wp\/v2\/users\/1"}],"replies":[{"embeddable":true,"href":"https:\/\/www.maas-project.eu\/is\/wp-json\/wp\/v2\/comments?post=2470"}],"version-history":[{"count":6,"href":"https:\/\/www.maas-project.eu\/is\/wp-json\/wp\/v2\/pages\/2470\/revisions"}],"predecessor-version":[{"id":2554,"href":"https:\/\/www.maas-project.eu\/is\/wp-json\/wp\/v2\/pages\/2470\/revisions\/2554"}],"wp:attachment":[{"href":"https:\/\/www.maas-project.eu\/is\/wp-json\/wp\/v2\/media?parent=2470"}],"curies":[{"name":"wp","href":"https:\/\/api.w.org\/{rel}","templated":true}]}}