{"id":379,"date":"2023-12-15T14:51:03","date_gmt":"2023-12-15T12:51:03","guid":{"rendered":"https:\/\/www.maas-project.eu\/about\/"},"modified":"2026-05-12T09:01:44","modified_gmt":"2026-05-12T06:01:44","slug":"about","status":"publish","type":"page","link":"https:\/\/www.maas-project.eu\/es\/about\/","title":{"rendered":"About"},"content":{"rendered":"[vc_row type=\u00bbin_container\u00bb full_screen_row_position=\u00bbmiddle\u00bb column_margin=\u00bbdefault\u00bb column_direction=\u00bbdefault\u00bb column_direction_tablet=\u00bbdefault\u00bb column_direction_phone=\u00bbdefault\u00bb scene_position=\u00bbcenter\u00bb top_padding=\u00bb50px\u00bb text_color=\u00bbdark\u00bb text_align=\u00bbleft\u00bb row_border_radius=\u00bbnone\u00bb row_border_radius_applies=\u00bbbg\u00bb row_position_desktop=\u00bbdefault\u00bb row_position_tablet=\u00bbinherit\u00bb row_position_phone=\u00bbinherit\u00bb overflow=\u00bbvisible\u00bb overlay_strength=\u00bb0.3&#8243; gradient_direction=\u00bbleft_to_right\u00bb shape_divider_position=\u00bbbottom\u00bb bg_image_animation=\u00bbnone\u00bb gradient_type=\u00bbdefault\u00bb shape_type=\u00bb\u00bb][vc_column column_padding=\u00bbno-extra-padding\u00bb column_padding_tablet=\u00bbinherit\u00bb column_padding_phone=\u00bbinherit\u00bb column_padding_position=\u00bball\u00bb flex_gap_desktop=\u00bb10px\u00bb column_element_direction_desktop=\u00bbdefault\u00bb column_element_spacing=\u00bbdefault\u00bb desktop_text_alignment=\u00bbdefault\u00bb tablet_text_alignment=\u00bbdefault\u00bb phone_text_alignment=\u00bbdefault\u00bb background_color_opacity=\u00bb1&#8243; background_hover_color_opacity=\u00bb1&#8243; column_backdrop_filter=\u00bbnone\u00bb column_shadow=\u00bbnone\u00bb column_border_radius=\u00bbnone\u00bb column_link_target=\u00bb_self\u00bb column_position=\u00bbdefault\u00bb gradient_direction=\u00bbleft_to_right\u00bb overlay_strength=\u00bb0.3&#8243; width=\u00bb1\/1&#8243; tablet_width_inherit=\u00bbdefault\u00bb animation_type=\u00bbdefault\u00bb bg_image_animation=\u00bbnone\u00bb border_type=\u00bbsimple\u00bb column_border_width=\u00bbnone\u00bb column_border_style=\u00bbsolid\u00bb][vc_column_text css=\u00bb\u00bb text_direction=\u00bbdefault\u00bb]MAAS Match, Attach and Sustain (Emparejar, unir y mantener) desarrolla <strong>nuevos m\u00e9todos y mejora las habilidades de las personas intermediarias laborales en Europa.<\/strong> Lo hace para mejorar y adaptar sus servicios de informaci\u00f3n, asesoramiento y orientaci\u00f3n, con un \u00e9nfasis urgente en poder apoyar mejor a las personas refugiadas ucranianas y otras personas solicitantes de empleo con necesidades inmediatas. MAAS lo hace tambi\u00e9n con un enfoque sectorial, respondiendo a las oportunidades de empleo y desarrollo profesional que est\u00e1n cada vez m\u00e1s disponibles en el sector tur\u00edstico europeo. <strong>Este sector sigue creciendo y transform\u00e1ndose frente a los continuos desaf\u00edos sociales y econ\u00f3micos.<\/strong><\/p>\n<p>Los socios de MAAS <strong>dise\u00f1an <\/strong>y <strong>aplican nuevos m\u00e9todos<\/strong> de asesoramiento, as\u00ed <strong>como t\u00e9cnicas y enfoques mejorados<\/strong> <strong>digitalmente<\/strong>, dirigidos a las personas involucradas en el dise\u00f1o, la gesti\u00f3n y la implementaci\u00f3n de servicios de intermediaci\u00f3n laboral. Estos servicios incluyen informaci\u00f3n, asesoramiento y orientaci\u00f3n, con el objetivo de lograr una adecuada correspondencia entre las personas que buscan empleo y las ofertas de trabajo, as\u00ed como un empleo sostenible para quienes buscan trabajo en el sector tur\u00edstico. Tambien, van a desarrollar una nueva comunidad transnacional de pr\u00e1ctica, informada \u00abde abajo hacia arriba\u00bb por grupos de aprendizaje activo que, a su vez, se benefician \u00abde arriba hacia abajo\u00bb de nuevos m\u00e9todos y herramientas.<\/p>\n<p>MAAS genera resultados novedosos, intangibles y tangibles. Apoyar la resiliencia, la inclusi\u00f3n y la independencia econ\u00f3mica de las personas refugiados ucranianas desplazadas por la guerra, abordando la escasez de habilidades en turismo. Crear una nueva Asociaci\u00f3n de Cooperaci\u00f3n para apoyar a Ucrania; una comunidad de pr\u00e1ctica en l\u00ednea de coproducci\u00f3n en red de personas intermediarias laborales que comparten inmediatamente conocimientos, m\u00e9todos y t\u00e9cnicas; y nuevos m\u00e9todos concretos de \u201cEmparejar, unir y mantener \u201d, una herramienta de seguimiento electr\u00f3nico multiling\u00fce digital y un conjunto de herramientas de orientaci\u00f3n.[\/vc_column_text][divider line_type=\u00bbFull Width Line\u00bb line_thickness=\u00bb1&#8243; divider_color=\u00bbextra-color-1&#8243;][vc_column_text text_direction=\u00bbdefault\u00bb]<strong>Objetivos:<\/strong><\/p>\n<p>El objetivo general del proyecto MAAS (Match, Attach, and Sustain) es desarrollar y poner en marcha un sistema de intermediaci\u00f3n laboral, mediante el perfeccionamiento y desarrollo de los intermediarios que trabajan en \u00e9l, que ayudar\u00e1 a los refugiados y demandantes de empleo, especialmente a los desplazados por la guerra en Ucrania, a encontrar oportunidades de empleo adecuadas, orientadas al sector tur\u00edstico.<\/p>\n<p>Sus objetivos espec\u00edficos son:<\/p>\n<ul>\n<li>Identificar las necesidades y expectativas de las personas intermediarias laborales con respecto al desarrollo de m\u00e9todos de asesoramiento laboral nuevos y combinados, habilitados digitalmente.<\/li>\n<li>Construir y elaborar una Comunidad de Pr\u00e1ctica transnacional, como foro de formaci\u00f3n y desarrollo, de personas intermediarias laborales\/Job Brokers europeas para co-crear y producir los m\u00e9todos MAAS &#8211; Match, Attach and Sustain (Emparejar, unir y mantener).<\/li>\n<li>Dise\u00f1ar, producir y publicar nuevos recursos digitales, incluido un conjunto de herramientas de orientaci\u00f3n electr\u00f3nica para las personas intermediarias laborales y una novedosa herramienta de seguimiento electr\u00f3nico y un programa de creaci\u00f3n de carteras.<\/li>\n<li>Validar la eficacia de los m\u00e9todos y difundirlos ampliamente entre las partes interesadas en la educaci\u00f3n y la formaci\u00f3n, el turismo y el reasentamiento de personas refugiadas.<\/li>\n<li>Establecer una nueva Asociaci\u00f3n de Cooperaci\u00f3n para realizar y explotar los resultados del proyecto y establecer una capacidad nueva y sostenida para apoyar la resiliencia y la reconstrucci\u00f3n de Ucrania.<\/li>\n<\/ul>\n[\/vc_column_text][\/vc_column][\/vc_row]\n","protected":false},"excerpt":{"rendered":"<p>[vc_row type=\u00bbin_container\u00bb full_screen_row_position=\u00bbmiddle\u00bb column_margin=\u00bbdefault\u00bb column_direction=\u00bbdefault\u00bb column_direction_tablet=\u00bbdefault\u00bb column_direction_phone=\u00bbdefault\u00bb scene_position=\u00bbcenter\u00bb top_padding=\u00bb50px\u00bb text_color=\u00bbdark\u00bb text_align=\u00bbleft\u00bb row_border_radius=\u00bbnone\u00bb row_border_radius_applies=\u00bbbg\u00bb row_position_desktop=\u00bbdefault\u00bb row_position_tablet=\u00bbinherit\u00bb row_position_phone=\u00bbinherit\u00bb overflow=\u00bbvisible\u00bb overlay_strength=\u00bb0.3&#8243; gradient_direction=\u00bbleft_to_right\u00bb shape_divider_position=\u00bbbottom\u00bb bg_image_animation=\u00bbnone\u00bb gradient_type=\u00bbdefault\u00bb shape_type=\u00bb\u00bb][vc_column column_padding=\u00bbno-extra-padding\u00bb column_padding_tablet=\u00bbinherit\u00bb column_padding_phone=\u00bbinherit\u00bb column_padding_position=\u00bball\u00bb flex_gap_desktop=\u00bb10px\u00bb column_element_direction_desktop=\u00bbdefault\u00bb column_element_spacing=\u00bbdefault\u00bb&#8230;<\/p>\n","protected":false},"author":1,"featured_media":0,"parent":0,"menu_order":0,"comment_status":"closed","ping_status":"closed","template":"","meta":{"footnotes":""},"class_list":["post-379","page","type-page","status-publish"],"_links":{"self":[{"href":"https:\/\/www.maas-project.eu\/es\/wp-json\/wp\/v2\/pages\/379","targetHints":{"allow":["GET"]}}],"collection":[{"href":"https:\/\/www.maas-project.eu\/es\/wp-json\/wp\/v2\/pages"}],"about":[{"href":"https:\/\/www.maas-project.eu\/es\/wp-json\/wp\/v2\/types\/page"}],"author":[{"embeddable":true,"href":"https:\/\/www.maas-project.eu\/es\/wp-json\/wp\/v2\/users\/1"}],"replies":[{"embeddable":true,"href":"https:\/\/www.maas-project.eu\/es\/wp-json\/wp\/v2\/comments?post=379"}],"version-history":[{"count":4,"href":"https:\/\/www.maas-project.eu\/es\/wp-json\/wp\/v2\/pages\/379\/revisions"}],"predecessor-version":[{"id":2792,"href":"https:\/\/www.maas-project.eu\/es\/wp-json\/wp\/v2\/pages\/379\/revisions\/2792"}],"wp:attachment":[{"href":"https:\/\/www.maas-project.eu\/es\/wp-json\/wp\/v2\/media?parent=379"}],"curies":[{"name":"wp","href":"https:\/\/api.w.org\/{rel}","templated":true}]}}